{"id":686,"date":"2023-11-12T11:20:26","date_gmt":"2023-11-12T11:20:26","guid":{"rendered":"http:\/\/localhost:8047\/?page_id=686"},"modified":"2025-08-20T10:19:59","modified_gmt":"2025-08-20T10:19:59","slug":"discovery_sessions","status":"publish","type":"page","link":"https:\/\/logivations.com\/de\/news-events\/discovery_sessions\/","title":{"rendered":"Discovery Sessions"},"content":{"rendered":"<\/p>\n\n\n\n<div class=\"wp-block-stackable-columns alignfull stk-block-columns stk-block stk-f2cd23c stk-block-background stk--has-background-overlay\" data-block-id=\"f2cd23c\"><style>.stk-f2cd23c .stk--block-align-f2cd23c{align-items:center !important;}.stk-f2cd23c {background-image:url(https:\/\/www.logivations.com\/wp-content\/uploads\/2025\/05\/Frame-494.png) !important;background-position:bottom center !important;background-repeat:no-repeat !important;background-size:cover !important;padding-top:280px !important;padding-bottom:63px !important;margin-top:-135px !important;margin-bottom:0px !important;}.stk-f2cd23c:before{background-color:#000000 !important;opacity:0.6 !important;}.stk-f2cd23c-column{--stk-column-gap:35px !important;row-gap:35px !important;}@media screen and (max-width:999px){.stk-f2cd23c {padding-top:250px !important;padding-bottom:150px !important;}}@media screen and (max-width:689px){.stk-f2cd23c {padding-top:186px !important;padding-bottom:100px !important;margin-top:-90px !important;}}<\/style><div class=\"stk-row stk-inner-blocks stk--block-align-f2cd23c stk-block-content stk-content-align stk-f2cd23c-column\">\n<div class=\"wp-block-stackable-column stk-block-column stk-column stk-block stk-f95356a\" data-v=\"4\" data-block-id=\"f95356a\"><style>.stk-f95356a-container{margin-top:0px !important;margin-right:0px !important;margin-bottom:0px !important;margin-left:0px !important;}@media screen and (min-width:690px){.stk-f95356a {flex:var(--stk-flex-grow, 1) 1 calc(96.8% - var(--stk-column-gap, 0px) * 1 \/ 2 ) !important;}}@media screen and (min-width:690px) and (max-width:999px){.stk-f95356a {flex:var(--stk-flex-grow, 1) 1 calc(55% - var(--stk-column-gap, 0px) * 1 \/ 2 ) !important;}}<\/style><div class=\"stk-column-wrapper stk-block-column__content stk-container stk-f95356a-container stk--no-background stk--no-padding\"><div class=\"has-text-align-center-mobile stk-block-content stk-inner-blocks stk-f95356a-inner-blocks\">\n<h2 class=\"wp-block-heading\"><span style=\"color: var(--theme-palette-color-8, #ffffff);\" class=\"stk-highlight\"><\/span><\/h2>\n\n\n\n<div class=\"wp-block-stackable-heading stk-block-heading stk-block-heading--v2 stk-block stk-2de0adc\" id=\"webinars-amp-w-2-mo-discovery-sessions\" data-block-id=\"2de0adc\"><style>.stk-2de0adc {margin-bottom:10px !important;}.stk-2de0adc .stk-block-heading__text{font-size:55px !important;color:var(--theme-palette-color-8, #ffffff) !important;}@media screen and (max-width:999px){.stk-2de0adc .stk-block-heading__text{font-size:50px !important;}}<\/style><h1 class=\"stk-block-heading__text has-text-color\">Webinare &amp; W2MO Discovery Sessions<\/h1><\/div>\n\n\n\n<div class=\"wp-block-stackable-text stk-block-text stk-block stk-0fe4a50\" data-block-id=\"0fe4a50\"><style>.stk-0fe4a50 .stk-block-text__text{font-size:19px !important;color:var(--theme-palette-color-8, #ffffff) !important;}@media screen and (max-width:999px){.stk-0fe4a50 .stk-block-text__text{font-size:19px !important;}}<\/style><p class=\"stk-block-text__text has-text-color\"><\/p><\/div>\n<\/div><\/div><\/div>\n\n\n\n<div class=\"wp-block-stackable-column stk-block-column stk-column stk-block stk-93eda29\" data-v=\"4\" data-block-id=\"93eda29\"><style>.stk-93eda29-container{margin-top:0px !important;margin-right:0px !important;margin-bottom:0px !important;margin-left:0px !important;}@media screen and (min-width:690px){.stk-93eda29 {flex:var(--stk-flex-grow, 1) 1 calc(3.2% - var(--stk-column-gap, 0px) * 1 \/ 2 ) !important;}}@media screen and (min-width:690px) and (max-width:999px){.stk-93eda29 {flex:var(--stk-flex-grow, 1) 1 calc(45% - var(--stk-column-gap, 0px) * 1 \/ 2 ) !important;}}<\/style><div class=\"stk-column-wrapper stk-block-column__content stk-container stk-93eda29-container stk--no-background stk--no-padding\"><div class=\"stk-block-content stk-inner-blocks stk-93eda29-inner-blocks\"><\/div><\/div><\/div>\n<\/div><\/div>\n\n\n<p>\n\n\n\n<div class=\"wp-block-stackable-columns stk-block-columns stk-block stk-30679ec\" data-block-id=\"30679ec\"><div class=\"stk-row stk-inner-blocks stk-block-content stk-content-align stk-30679ec-column\">\n<div class=\"wp-block-stackable-column stk-block-column stk-column stk-block stk-8cc5918\" data-v=\"4\" data-block-id=\"8cc5918\"><style>.stk-8cc5918 {margin-left:-23px !important;}<\/style><div class=\"stk-column-wrapper stk-block-column__content stk-container stk-8cc5918-container stk--no-background stk--no-padding\"><div class=\"stk-block-content stk-inner-blocks stk-8cc5918-inner-blocks\">\n<div class=\"wp-block-stackable-feature stk-block-feature stk-block stk-35260ab is-style-default\" data-v=\"2\" data-block-id=\"35260ab\"><style>.stk-35260ab {--stk-feature-flex-wrap:nowrap !important;margin-bottom:0px !important;}<\/style><div class=\"stk-content-align stk-35260ab-column stk-container stk-35260ab-container stk--no-background stk--no-padding\"><div class=\"stk-inner-blocks stk-block-content stk-row\">\n<div class=\"wp-block-stackable-column stk-block-column stk-column stk-block stk-cae7809\" data-v=\"4\" data-block-id=\"cae7809\"><style>.stk-cae7809 {align-self:center !important;margin-bottom:-24px !important;}<\/style><div class=\"stk-column-wrapper stk-block-column__content stk-container stk-cae7809-container stk--no-background stk--no-padding\"><div class=\"stk-block-content stk-inner-blocks stk-cae7809-inner-blocks\">\n<div class=\"wp-block-stackable-text stk-block-text stk-block stk-3eac739\" data-block-id=\"3eac739\"><p class=\"stk-block-text__text\"><strong><strong>Optimieren Sie Ihre Logistik \u2013 ganz nach Ihrem Bedarf!<\/strong><\/strong><\/p><\/div>\n\n\n\n<div class=\"wp-block-stackable-text stk-block-text stk-block stk-a321cbf\" data-block-id=\"a321cbf\"><p class=\"stk-block-text__text\">Unsere <strong>Webinare <\/strong>und <strong>W2MO Discovery Sessions <\/strong>pr\u00e4sentieren innovative L\u00f6sungen in den Bereichen Supply Chain Optimierung, Digital Twin Technologie und KI-gest\u00fctzte Logistikplanung. Diese Formate verbinden bew\u00e4hrte Methoden mit praxisnahen Anwendungen und erm\u00f6glichen messbare Verbesserungen \u2013 sowohl bei neuen Projekten als auch in bestehenden Prozessen.<\/p><\/div>\n\n\n\n<div class=\"wp-block-stackable-text stk-block-text stk-block stk-1a9bfc5\" data-block-id=\"1a9bfc5\"><p class=\"stk-block-text__text\">Wir finalisieren derzeit das Konzept f\u00fcr unsere kommenden Webinare und Discovery Sessions \u2013 mit noch anspruchsvolleren Themen, mehr Interaktivit\u00e4t und praxisrelevanten Fallstudien aus \u00fcber 600 erfolgreich umgesetzten Beratungsprojekten.<\/p><\/div>\n\n\n\n<div class=\"wp-block-stackable-text stk-block-text stk-block stk-3228414\" data-block-id=\"3228414\"><p class=\"stk-block-text__text\"><strong><strong>M\u00f6chten Sie sofort starten?<\/strong><br><\/strong>W\u00e4hrend der neue Terminplan noch in Arbeit ist, k\u00f6nnen Sie bereits jetzt von unserem Know-how profitieren. Wenn Sie ein konkretes Projekt oder eine logistische Herausforderung haben, erarbeiten unsere Experten gerne mit Ihnen m\u00f6gliche L\u00f6sungen und wirtschaftliche Potenziale \u2013 in einer individuellen Webkonferenz, kostenlos und auf Ihre Bed\u00fcrfnisse zugeschnitten.<\/p><\/div>\n<\/div><\/div><\/div>\n<\/div><\/div><\/div>\n\n\n\n\n\n<\/p>\n\n\n\n<div class=\"wp-block-stackable-button-group stk-block-button-group stk-block stk-ca55be4\" data-block-id=\"ca55be4\"><style>.stk-ca55be4 {margin-top:10px !important;margin-bottom:0px !important;margin-left:10px !important;}<\/style><div class=\"stk-row stk-inner-blocks stk-block-content stk-button-group\">\n<div class=\"wp-block-stackable-button stk-block-button stk-block stk-2a8ef64\" data-block-id=\"2a8ef64\"><a class=\"stk-link stk-button stk--hover-effect-darken\" href=\"https:\/\/www.logivations.com\/de\/video-demo-registration\/\" target=\"_blank\" rel=\"noreferrer noopener\"><span class=\"stk-button__inner-text\"><strong><strong>Webkonferenz Anmeldung<\/strong><\/strong><\/span><\/a><\/div>\n<\/div><\/div>\n\n\n<p>\n<\/div><\/div><\/div>\n<\/div><\/div>\n\n\n\n<div class=\"wp-block-stackable-columns alignfull stk-block-columns stk-block stk-63037b3 stk-block-background stk--has-background-overlay\" data-block-id=\"63037b3\"><style>.stk-63037b3 {background-color:#f9f9f9 !important;background-image:url(https:\/\/www.logivations.com\/wp-content\/uploads\/2023\/11\/solutions-image-01.jpg) !important;padding-top:96px !important;padding-bottom:15px !important;margin-top:30px !important;margin-bottom:10px !important;}.stk-63037b3:before{background-color:#f9f9f9 !important;opacity:0.8 !important;}.stk-63037b3-column{--stk-columns-spacing:14px !important;--stk-column-gap:10px !important;}<\/style><div class=\"stk-row stk-inner-blocks has-text-align-center stk-block-content stk-content-align stk-63037b3-column alignfull\">\n<div class=\"wp-block-stackable-column stk-block-column stk-column stk-block stk-ba1de81\" data-v=\"4\" data-block-id=\"ba1de81\"><div class=\"stk-column-wrapper stk-block-column__content stk-container stk-ba1de81-container stk--no-background stk--no-padding\"><div class=\"stk-block-content stk-inner-blocks stk-ba1de81-inner-blocks\">\n<div class=\"wp-block-stackable-text stk-block-text stk-block stk-c4af4c6\" data-block-id=\"c4af4c6\"><style>.stk-c4af4c6 {margin-bottom:1px !important;}<\/style><p class=\"stk-block-text__text has-text-align-center\"><span style=\"color: var(--theme-palette-color-3, #3A4F66);\" class=\"stk-highlight\">INFORMIEREN SIE SICH AUCH \u00dcBER<\/span><\/p><\/div>\n\n\n\n<div class=\"wp-block-stackable-heading stk-block-heading stk-block-heading--v2 stk-block stk-2903aee\" id=\"a-href-press-news-data-type-link-data-id-https-www-logivations-com-en-solutions-lno-supply-network-planning-php-a-a-href-press-news-span-style-color-var-palette-color-3-3-a-4-f-66-class-stk-highlight-press-and-news-span-a\" data-block-id=\"2903aee\"><style>.stk-2903aee .stk-block-heading__text{color:var(--theme-palette-color-4, #192a3d) !important;}<\/style><h4 class=\"stk-block-heading__text has-text-color has-text-align-center\"><a href=\"\/de\/press-news\/\" data-type=\"link\" data-id=\"https:\/\/www.logivations.com\/en\/solutions\/lno\/supply_network_planning.php\"><\/a><a href=\"https:\/\/logivations.com\/de\/news-events\/fairs-events\/\">Messen und Events<\/a><\/h4><\/div>\n<\/div><\/div><\/div>\n<\/div><\/div>\n\n\n\n<p><\/p>","protected":false},"excerpt":{"rendered":"<p>Optimize Your Logistics \u2013 Tailored to Your Needs! Our Webinars and W2MO Discovery Sessions present cutting-edge solutions in supply chain optimization, Digital Twin technology, and AI-supported logistics planning. These formats combine proven methodologies with real-world applications, enabling measurable improvements in both new initiatives and existing operations. We are finalizing the concept for our upcoming webinars [&hellip;]<\/p>","protected":false},"author":1,"featured_media":0,"parent":2118,"menu_order":0,"comment_status":"closed","ping_status":"closed","template":"","meta":{"footnotes":""},"class_list":["post-686","page","type-page","status-publish","hentry"],"blocksy_meta":{"has_hero_section":"disabled","styles_descriptor":{"styles":{"desktop":"","tablet":"","mobile":""},"google_fonts":[],"version":6}},"_links":{"self":[{"href":"https:\/\/logivations.com\/de\/wp-json\/wp\/v2\/pages\/686","targetHints":{"allow":["GET"]}}],"collection":[{"href":"https:\/\/logivations.com\/de\/wp-json\/wp\/v2\/pages"}],"about":[{"href":"https:\/\/logivations.com\/de\/wp-json\/wp\/v2\/types\/page"}],"author":[{"embeddable":true,"href":"https:\/\/logivations.com\/de\/wp-json\/wp\/v2\/users\/1"}],"replies":[{"embeddable":true,"href":"https:\/\/logivations.com\/de\/wp-json\/wp\/v2\/comments?post=686"}],"version-history":[{"count":382,"href":"https:\/\/logivations.com\/de\/wp-json\/wp\/v2\/pages\/686\/revisions"}],"predecessor-version":[{"id":8462,"href":"https:\/\/logivations.com\/de\/wp-json\/wp\/v2\/pages\/686\/revisions\/8462"}],"up":[{"embeddable":true,"href":"https:\/\/logivations.com\/de\/wp-json\/wp\/v2\/pages\/2118"}],"wp:attachment":[{"href":"https:\/\/logivations.com\/de\/wp-json\/wp\/v2\/media?parent=686"}],"curies":[{"name":"wp","href":"https:\/\/api.w.org\/{rel}","templated":true}]}}