{"id":6366,"date":"2024-08-01T18:01:45","date_gmt":"2024-08-01T18:01:45","guid":{"rendered":"https:\/\/wp.logivations.com\/?page_id=6366"},"modified":"2024-08-14T13:54:50","modified_gmt":"2024-08-14T13:54:50","slug":"summary-of-required-data","status":"publish","type":"page","link":"https:\/\/logivations.com\/de\/summary-of-required-data\/","title":{"rendered":"Zusammenstellung ben\u00f6tigter Daten"},"content":{"rendered":"<div class=\"wp-block-stackable-columns alignfull stk-block-columns stk-block stk-51b2b12 stk-block-background stk--has-background-overlay\" data-block-id=\"51b2b12\"><style>.stk-51b2b12 .stk--block-align-51b2b12{align-items:center !important}.stk-51b2b12{background-image:url(https:\/\/www.logivations.com\/wp-content\/uploads\/2024\/07\/consultants.jpg) !important;background-position:bottom center !important;background-repeat:no-repeat !important;background-size:cover !important;padding-top:280px !important;padding-bottom:63px !important;margin-top:-135px !important}.stk-51b2b12:before{background-color:#000000 !important;opacity:0.6 !important}.stk-51b2b12-column{--stk-column-gap:35px !important;row-gap:35px !important}@media screen and (max-width:999px){.stk-51b2b12{padding-top:250px !important;padding-bottom:150px !important}}@media screen and (max-width:689px){.stk-51b2b12{padding-top:186px !important;padding-bottom:100px !important;margin-top:-90px !important}}<\/style><div class=\"stk-row stk-inner-blocks stk--block-align-51b2b12 stk-block-content stk-content-align stk-51b2b12-column\">\n<div class=\"wp-block-stackable-column stk-block-column stk-column stk-block stk-3a43e6b\" data-v=\"4\" data-block-id=\"3a43e6b\"><style>.stk-3a43e6b-container{margin-top:0px !important;margin-right:0px !important;margin-bottom:0px !important;margin-left:0px !important}@media screen and (min-width:690px){.stk-3a43e6b{flex:var(--stk-flex-grow,1) 1 calc(96.8% - var(--stk-column-gap,0px) * 1 \/ 2 ) !important}}@media screen and (min-width:690px) and (max-width:999px){.stk-3a43e6b{flex:var(--stk-flex-grow,1) 1 calc(55% - var(--stk-column-gap,0px) * 1 \/ 2 ) !important}}<\/style><div class=\"stk-column-wrapper stk-block-column__content stk-container stk-3a43e6b-container stk--no-background stk--no-padding\"><div class=\"has-text-align-center-mobile stk-block-content stk-inner-blocks stk-3a43e6b-inner-blocks\">\n<h2 class=\"wp-block-heading\"><span style=\"color: var(--theme-palette-color-8, #ffffff);\" class=\"stk-highlight\"><\/span><\/h2>\n\n\n\n<div class=\"wp-block-stackable-heading stk-block-heading stk-block-heading--v2 stk-block stk-7225c59\" id=\"summary-of-required-data\" data-block-id=\"7225c59\"><style>.stk-7225c59{margin-bottom:10px !important}.stk-7225c59 .stk-block-heading__text{font-size:55px !important;color:var(--theme-palette-color-8,#ffffff) !important;text-transform:uppercase !important}@media screen and (max-width:999px){.stk-7225c59 .stk-block-heading__text{font-size:40px !important}}@media screen and (max-width:689px){.stk-7225c59 .stk-block-heading__text{font-size:30px !important}}<\/style><h1 class=\"stk-block-heading__text has-text-color\">Zusammenstellung ben\u00f6tigter Daten<\/h1><\/div>\n<\/div><\/div><\/div>\n\n\n\n<div class=\"wp-block-stackable-column stk-block-column stk-column stk-block stk-0e2597c\" data-v=\"4\" data-block-id=\"0e2597c\"><style>.stk-0e2597c-container{margin-top:0px !important;margin-right:0px !important;margin-bottom:0px !important;margin-left:0px !important}@media screen and (min-width:690px){.stk-0e2597c{flex:var(--stk-flex-grow,1) 1 calc(3.2% - var(--stk-column-gap,0px) * 1 \/ 2 ) !important}}@media screen and (min-width:690px) and (max-width:999px){.stk-0e2597c{flex:var(--stk-flex-grow,1) 1 calc(45% - var(--stk-column-gap,0px) * 1 \/ 2 ) !important}}<\/style><div class=\"stk-column-wrapper stk-block-column__content stk-container stk-0e2597c-container stk--no-background stk--no-padding\"><div class=\"stk-block-content stk-inner-blocks stk-0e2597c-inner-blocks\"><\/div><\/div><\/div>\n<\/div><\/div>\n\n\n\n<p>W2MO erm\u00f6glicht die Nutzung aller verf\u00fcgbaren Datenquellen und bietet mehr als 200 parametrisierbare Schnittstellen, Excel-\/CSV-Integration, direkte Integration mit SAP, einen allgemeinen SQL-Datenbank Connector und RESTful APIs.<\/p>\n\n\n\n<p>Diese einzigartige Bandbreite an Integrationsm\u00f6glichkeiten ist einer der Gr\u00fcnde, der W2MO zur Nummer 1 L\u00f6sung auf dem Markt macht.<\/p>\n\n\n\n<h2 class=\"wp-block-heading\">1. Lagermodellierung:<\/h2>\n\n\n\n<p><\/p>\n\n\n\n<div class=\"wp-block-stackable-heading stk-block-heading stk-block-heading--v2 stk-block stk-f7a1973\" id=\"summary-of-required-data\" data-block-id=\"f7a1973\"><h4 class=\"stk-block-heading__text\">Zusammenstellung ben\u00f6tigter Daten<\/h4><\/div>\n\n\n\n<p>Folgende Informationen sind hinsichtlich der Artikel, Lagerbelegung, Bewegungs- und Auftragsdaten im Groben notwendig. Im Rahmen eines Projektes kann die Notwendigkeit nach weiteren Daten entstehen.<\/p>\n\n\n\n<p>Im Idealfall w\u00e4ren auch Daten aus starken und schwachen Monaten w\u00fcnschenswert. Es ist wichtig, dass wir Daten f\u00fcr die unterschiedlichen Belastungen haben (schwache Zeitr\u00e4ume, \"normale\" Zeitr\u00e4ume, Zeitr\u00e4ume mit Maximallast). Alle Daten sollten m\u00f6glichst im CSV-Dateiformat zu Verf\u00fcgung gestellt werden.<\/p>\n\n\n\n<p><\/p>\n\n\n\n<div class=\"wp-block-stackable-heading stk-block-heading stk-block-heading--v2 stk-block stk-f98e6fb\" id=\"product-master-data\" data-block-id=\"f98e6fb\"><h4 class=\"stk-block-heading__text\">Artikelstammdaten (beispielhaft, wird im Kick-Off gemeinsam abgestimmt)<\/h4><\/div>\n\n\n\n<ul class=\"wp-block-list\">\n<li>Artikelnummer (eindeutig, evtl. noch weitere Eigenschaft zur eindeutigen Identifikation notwendig)<\/li>\n\n\n\n<li>Artikelbeschreibung<\/li>\n\n\n\n<li>Produktklassifikationen<\/li>\n\n\n\n<li>Lagerplatzrestriktionen (z. B. bestimmte Produktgruppen d\u00fcrfen nur in bestimmte Kommissionierbereiche \/ Fachtypen gelagert werden)<\/li>\n\n\n\n<li>Momentaner Lagerplatz und Anzahl Lagerf\u00e4cher<\/li>\n\n\n\n<li>Gebindegr\u00f6\u00dfe und geometrische Daten (L\u00e4nge, Breite, H\u00f6he, Volumen, Gewicht), aktuelles Ladehilfsmittel<\/li>\n\n\n\n<li>Anzahl Gebinde pro Palette<\/li>\n\n\n\n<li>Spezielle Eigenschaften, die f\u00fcr die Lagerung wichtig sind, z. B. Zerbrechlichkeit, Aktionsartikel etc.<\/li>\n\n\n\n<li>ggf. erforderlicher zus\u00e4tzlicher Handlingsaufwand oder besondere T\u00e4tigkeiten, die f\u00fcr diesen Artikel erforderlich sind (z. B. Seriennummer erfassen)<\/li>\n<\/ul>\n\n\n\n<div class=\"wp-block-stackable-heading stk-block-heading stk-block-heading--v2 stk-block stk-bf485ca\" id=\"order-data-or-picking-list-data-best-per-box\" data-block-id=\"bf485ca\"><h4 class=\"stk-block-heading__text\">Bewegungsdaten aus dem LVS mit folgenden Informationen f\u00fcr jede Auftragsposition (beispielhaft, wird im Kick-Off gemeinsam abgestimmt)<\/h4><\/div>\n\n\n\n<ul class=\"wp-block-list\">\n<li>Auftragsnummer\/-position<\/li>\n\n\n\n<li>Artikelnummer (eindeutig, evtl. noch weitere Eigenschaft zur eindeutigen Identifikation notwendig)<\/li>\n\n\n\n<li>Menge<\/li>\n\n\n\n<li>Anlagedatum, Kommissionierdatum und weitere zur Verf\u00fcgung stehende Zeitstempel<\/li>\n\n\n\n<li>Abwicklung der Auftr\u00e4ge, Nachsch\u00fcbe oder Umlagerungen<\/li>\n\n\n\n<li>Zuordnung Kommissionierschein, Batchnummer, Rundgang, Packplatz usw.<\/li>\n\n\n\n<li>Bewegungsart<\/li>\n\n\n\n<li>Pickplatz, Nachschubplatz etc.<\/li>\n<\/ul>\n\n\n\n<p>Bitte geben Sie sowohl die Rohauftr\u00e4ge als auch die aus diesen Auftr\u00e4gen erstellten Kartons (Kommissionierliste pro Karton) an.<\/p>\n\n\n\n<div class=\"wp-block-stackable-heading stk-block-heading stk-block-heading--v2 stk-block stk-476a943\" id=\"layout-storage-of-existing-warehouses\" data-block-id=\"476a943\"><h4 class=\"stk-block-heading__text\">Layout, Lagerung bestehender Lagerhallen<\/h4><\/div>\n\n\n\n<ul class=\"wp-block-list\">\n<li>Lagerung \/ Lager: aktuelle Positionierung der Produkte und tats\u00e4chlicher Lagerbestand<\/li>\n\n\n\n<li>Design, Layout oder Entwurf des betrachteten Bereichs (z. B. DXF-Format)<\/li>\n\n\n\n<li>einige Fotos der jeweiligen Lagerbereiche (abgegebene PPTs reichen bereits aus)<\/li>\n\n\n\n<li>Lagerfl\u00e4chen und F\u00f6rder- bzw. F\u00f6rdertechnik<\/li>\n\n\n\n<li>Personalkosten (insgesamt, Anzahl der Arbeitsstunden im jeweiligen Bereich zur Erf\u00fcllung der Auftragss\u00e4tze)<\/li>\n\n\n\n<li>Daten der Retourenlogistik \u2013 ggf. (Produkt, Zeitstempel, Menge)<\/li>\n<\/ul>\n\n\n\n<div class=\"wp-block-stackable-heading stk-block-heading stk-block-heading--v2 stk-block stk-63cd4a9\" id=\"data-of-automated-systems-if-used\" data-block-id=\"63cd4a9\"><h4 class=\"stk-block-heading__text\">Daten f\u00fcr automatisierte System (falls vorhanden)<\/h4><\/div>\n\n\n\n<p>Zone zu Zone<\/p>\n\n\n\n<ul class=\"wp-block-list\">\n<li>Zirkulationsmerkmale<\/li>\n\n\n\n<li>Pufferpl\u00e4tze in jeder Zone<\/li>\n\n\n\n<li>F\u00f6rdergeschwindigkeiten<\/li>\n\n\n\n<li>max. Anzahl der Personen in jeder Zone<\/li>\n\n\n\n<li>detaillierte Pl\u00e4ne von F\u00f6rderanlagen<\/li>\n<\/ul>\n\n\n\n<p>Shuttle-Systeme<\/p>\n\n\n\n<ul class=\"wp-block-list\">\n<li>Pufferkapazit\u00e4ten im gesamten System<\/li>\n\n\n\n<li>Zirkulationsmerkmale<\/li>\n\n\n\n<li>F\u00f6rdergeschwindigkeiten<\/li>\n\n\n\n<li>Kartongr\u00f6\u00dfen, Gewichtsgrenzen, max. Anzahl der Produkte pro Karton<\/li>\n\n\n\n<li>detaillierte Pl\u00e4ne von F\u00f6rderanlagen und Arbeitspl\u00e4tzen (Kombination mit Durchlaufregalen etc.)<\/li>\n\n\n\n<li>max. Anzahl der Personen pro Arbeitsplatz<\/li>\n<\/ul>\n\n\n\n<div class=\"wp-block-stackable-heading stk-block-heading stk-block-heading--v2 stk-block stk-cb6a10f\" id=\"period\" data-block-id=\"cb6a10f\"><h4 class=\"stk-block-heading__text\">Zeitraum<\/h4><\/div>\n\n\n\n<ul class=\"wp-block-list\">\n<li>Eine Woche bis mehrere Monate<\/li>\n<\/ul>\n\n\n\n<div class=\"wp-block-stackable-heading stk-block-heading stk-block-heading--v2 stk-block stk-17c178a\" id=\"workforce\" data-block-id=\"17c178a\"><h4 class=\"stk-block-heading__text\">Sonstiges<\/h4><\/div>\n\n\n\n<ul class=\"wp-block-list\">\n<li>aktueller Lagerspiegel (Snapshot zu einem Zeitpunkt in der nahen Vergangenheit)<\/li>\n\n\n\n<li>Layout oder Skizze des betrachteten Bereiches (z. B. AutoCAD- oder DWG-Format)<\/li>\n\n\n\n<li>Betriebskosten der Lagerbereiche<\/li>\n<\/ul>\n\n\n\n<h2 class=\"wp-block-heading\">2. Logistische Netzwerkoptimierung:<\/h2>\n\n\n\n<p>Folgende Informationen sind hinsichtlich der Artikel, Warenfluss, Standort- und Auftragsdaten im Groben notwendig. Im Rahmen eines Projektes kann die Notwendigkeit nach weiteren Daten entstehen.<\/p>\n\n\n\n<div class=\"wp-block-stackable-heading stk-block-heading stk-block-heading--v2 stk-block stk-466a750\" id=\"product-master-data\" data-block-id=\"466a750\"><h4 class=\"stk-block-heading__text\">Artikelstammdaten:<\/h4><\/div>\n\n\n\n<ul class=\"wp-block-list\">\n<li>Artikelbezeichnung (meistens Name)<\/li>\n\n\n\n<li>Produkte und ihre wesentlichen Attribute (z. B. Gewicht, Volumen, Wert, Transportrestriktionen)<\/li>\n<\/ul>\n\n\n\n<div class=\"wp-block-stackable-heading stk-block-heading stk-block-heading--v2 stk-block stk-1582af4\" id=\"material-flow-data\" data-block-id=\"1582af4\"><h4 class=\"stk-block-heading__text\">Warenflussdaten:<\/h4><\/div>\n\n\n\n<ul class=\"wp-block-list\">\n<li>Account (Adresse\/Postleitzahl oder Geocodes)<\/li>\n\n\n\n<li>Auftr\u00e4ge \/ Transporte (Wareneingang oder Warenausgang), Auftragsnummer\/Auftragsbezeichnung<\/li>\n\n\n\n<li>Auftragszeilen (welches Produkt wird welchem Auftrag in welcher Menge zugeordnet)<\/li>\n\n\n\n<li>Zeitfenster<\/li>\n<\/ul>\n\n\n\n<div class=\"wp-block-stackable-heading stk-block-heading stk-block-heading--v2 stk-block stk-a92ed93\" id=\"period\" data-block-id=\"a92ed93\"><h4 class=\"stk-block-heading__text\">Zeitraum:<\/h4><\/div>\n\n\n\n<ul class=\"wp-block-list\">\n<li>Kampagne bzw. l\u00e4ngerer Zeitraum<\/li>\n<\/ul>\n\n\n\n<div class=\"wp-block-stackable-heading stk-block-heading stk-block-heading--v2 stk-block stk-a35c4b7\" id=\"location-candidate\" data-block-id=\"a35c4b7\"><h4 class=\"stk-block-heading__text\">Standortkandidaten:<\/h4><\/div>\n\n\n\n<ul class=\"wp-block-list\">\n<li>Adresse oder Name mit Geocodes<\/li>\n\n\n\n<li>Standorttyp festlegen (z. B. Hub, Lager, Produktionsst\u00e4tte)<\/li>\n<\/ul>\n\n\n\n<div class=\"wp-block-stackable-heading stk-block-heading stk-block-heading--v2 stk-block stk-be806e1\" id=\"transportation-containers\" data-block-id=\"be806e1\"><h4 class=\"stk-block-heading__text\">Transportbeh\u00e4lter:<\/h4><\/div>\n\n\n\n<ul class=\"wp-block-list\">\n<li>Transportbeh\u00e4lter festlegen (z. B. Palette, Karton, LKW)<\/li>\n\n\n\n<li>Verpackungsklassifikation<\/li>\n\n\n\n<li>Kosten pro Kilometer eingeben<\/li>\n\n\n\n<li>eventuell Fixkosten eingeben<\/li>\n\n\n\n<li>Transportbeh\u00e4lter k\u00f6nnen die Versandbeh\u00e4lter (f\u00fcr den Weg zum Kunden) aber auch z. B. Container - wie etwa Wechselbr\u00fccken oder Sattelauflieger - f\u00fcr Transporte zwischen Hub und Zentrallager sein.<\/li>\n<\/ul>\n\n\n\n<h2 class=\"wp-block-heading\">3. Produktionslogistik:<\/h2>\n\n\n\n<p>Folgende Informationen sind hinsichtlich der Teile, Lagerorte und Pufferbelegungen, Produktions-, Bewegungs- und Auftragsdaten im Groben notwendig. Im Rahmen eines Projektes kann die Notwendigkeit nach weiteren Daten entstehen.<\/p>\n\n\n\n<div class=\"wp-block-stackable-heading stk-block-heading stk-block-heading--v2 stk-block stk-666f3c8\" id=\"product-parts-master-data\" data-block-id=\"666f3c8\"><h4 class=\"stk-block-heading__text\">Teilestammdaten (beispielhaft, wird im Kick-Off gemeinsam abgestimmt):<\/h4><\/div>\n\n\n\n<ul class=\"wp-block-list\">\n<li>Teilenummer (eindeutig, evtl. noch weitere Eigenschaft zur eindeutigen Identifikation notwendig)<\/li>\n\n\n\n<li>Teilebeschreibung<\/li>\n\n\n\n<li>Teileklassifikationen<\/li>\n\n\n\n<li>Lagerplatzrestriktionen (z. B. bestimmte Teilegruppen d\u00fcrfen nur in bestimmten Lagerorten oder Kommissionierbereichen \/ Fachtypen gelagert werden)<\/li>\n\n\n\n<li>Momentane Verbauorte, Lagerpl\u00e4tze und Anzahl Lagerf\u00e4cher<\/li>\n\n\n\n<li>Gebindegr\u00f6\u00dfe und geometrische Daten (L\u00e4nge, Breite, H\u00f6he, Volumen, Gewicht), aktuelles Ladehilfsmittel<\/li>\n\n\n\n<li>m\u00f6gliche Packmittel<\/li>\n\n\n\n<li>Anzahl Gebinde pro Palette oder Ladehilfsmittel<\/li>\n\n\n\n<li>Spezielle Eigenschaften, die f\u00fcr die Lagerung wichtig sind, z. B. Zerbrechlichkeit etc.<\/li>\n\n\n\n<li>ggf. erforderlicher zus\u00e4tzlicher Handlingsaufwand oder besondere T\u00e4tigkeiten, die f\u00fcr dieses Teil erforderlich sind (z. B. Seriennummer erfassen)<\/li>\n\n\n\n<li>Zeiten f\u00fcr die Wertsch\u00f6pfungsprozesse (z. B. Montagen), die mit diesem Teil verbunden sind<\/li>\n<\/ul>\n\n\n\n<div class=\"wp-block-stackable-heading stk-block-heading stk-block-heading--v2 stk-block stk-cda0287\" id=\"dynamic-data-with-the-following-information-on-each-order-item\" data-block-id=\"cda0287\"><h4 class=\"stk-block-heading__text\">Bewegungsdaten mit folgenden Informationen f\u00fcr jede Auftragsposition (beispielhaft, wird im Kick-Off gemeinsam abgestimmt):<\/h4><\/div>\n\n\n\n<ul class=\"wp-block-list\">\n<li>Auftragsnummer\/-position (oder Abrufnummer)<\/li>\n\n\n\n<li>Teilenummer (eindeutig, evtl. noch weitere Eigenschaft zur eindeutigen Identifikation notwendig)<\/li>\n\n\n\n<li>Menge<\/li>\n\n\n\n<li>Anlagedatum, Kommissionierdatum und weitere zur Verf\u00fcgung stehende Zeitstempel<\/li>\n\n\n\n<li>Abwicklung der Auftr\u00e4ge, Nachsch\u00fcbe oder Umlagerungen<\/li>\n\n\n\n<li>Bewegungsart<\/li>\n\n\n\n<li>Montageplatz, Pickplatz, Nachschubplatz etc.<\/li>\n<\/ul>\n\n\n\n<div class=\"wp-block-stackable-heading stk-block-heading stk-block-heading--v2 stk-block stk-59a06dd\" id=\"period\" data-block-id=\"59a06dd\"><h4 class=\"stk-block-heading__text\">Zeitraum<\/h4><\/div>\n\n\n\n<ul class=\"wp-block-list\">\n<li>Eine Woche bis mehrere Monate<\/li>\n<\/ul>\n\n\n\n<div class=\"wp-block-stackable-heading stk-block-heading stk-block-heading--v2 stk-block stk-087f802\" id=\"workforce\" data-block-id=\"087f802\"><h4 class=\"stk-block-heading__text\">Sonstiges<\/h4><\/div>\n\n\n\n<ul class=\"wp-block-list\">\n<li>Schichtmodelle und Arbeitszeiten von Mitarbeitern oder Teams<\/li>\n\n\n\n<li>Ansatz und Logik der aktuellen Schicht- und Arbeitsplanung<\/li>\n\n\n\n<li>Mindest. und max. Arbeitszeit<\/li>\n\n\n\n<li>Preise<\/li>\n\n\n\n<li>Kosten pro Schichtbetrieb<\/li>\n<\/ul>\n\n\n\n<div class=\"wp-block-stackable-heading stk-block-heading stk-block-heading--v2 stk-block stk-6ed2a11\" id=\"data-for-production-or-assembly\" data-block-id=\"6ed2a11\"><h4 class=\"stk-block-heading__text\">Daten f\u00fcr Produktion oder Montage<\/h4><\/div>\n\n\n\n<p>Prozessabl\u00e4ufe (z. B. Flussdiagramme) und Einschr\u00e4nkungen (sofern entsprechende Dokumentation verf\u00fcgbar ist). Diese enorme Bandbreite an Integrationsm\u00f6glichkeiten ist einer der Gr\u00fcnde, warum W2MO die einzigartige Nr. 1-L\u00f6sung auf dem Markt ist.<\/p>\n\n\n\n<div class=\"wp-block-stackable-heading stk-block-heading stk-block-heading--v2 stk-block stk-4b91b91\" id=\"design-of-material-handling\" data-block-id=\"4b91b91\"><h4 class=\"stk-block-heading__text\">Gestaltung des Materialtransports<\/h4><\/div>\n\n\n\n<ul class=\"wp-block-list\">\n<li>Sammelpl\u00e4tze oder Sammelstationen<\/li>\n\n\n\n<li>Zugangswege<\/li>\n\n\n\n<li>Nachschub bzw. Transport zu Montagestationen (Einzeltransporte, Routenzug etc.)<\/li>\n\n\n\n<li>Transportart (automatisch vs. auf Anfrage)<\/li>\n\n\n\n<li>Relevante Arbeitsprozesse<\/li>\n\n\n\n<li>Layout oder Entwurf des betrachteten Bereichs (z. B. AutoCAD- oder DWG-Dateien)<\/li>\n<\/ul>","protected":false},"excerpt":{"rendered":"<p>Summary of required data W2MO allows to use all available data sources offering more than 200 customizable Interfaces, Excel-\/CSV-Integration, direct SAP Integration, a general SQL-database connector and RESTful APIs. This enormous range of integration possibilities is one of the reasons that enables W2MO to be the unique #1 solution on the market. 1. Warehouse Modeling [&hellip;]<\/p>","protected":false},"author":1,"featured_media":0,"parent":0,"menu_order":0,"comment_status":"closed","ping_status":"closed","template":"","meta":{"footnotes":""},"class_list":["post-6366","page","type-page","status-publish","hentry"],"blocksy_meta":[],"_links":{"self":[{"href":"https:\/\/logivations.com\/de\/wp-json\/wp\/v2\/pages\/6366","targetHints":{"allow":["GET"]}}],"collection":[{"href":"https:\/\/logivations.com\/de\/wp-json\/wp\/v2\/pages"}],"about":[{"href":"https:\/\/logivations.com\/de\/wp-json\/wp\/v2\/types\/page"}],"author":[{"embeddable":true,"href":"https:\/\/logivations.com\/de\/wp-json\/wp\/v2\/users\/1"}],"replies":[{"embeddable":true,"href":"https:\/\/logivations.com\/de\/wp-json\/wp\/v2\/comments?post=6366"}],"version-history":[{"count":9,"href":"https:\/\/logivations.com\/de\/wp-json\/wp\/v2\/pages\/6366\/revisions"}],"predecessor-version":[{"id":6611,"href":"https:\/\/logivations.com\/de\/wp-json\/wp\/v2\/pages\/6366\/revisions\/6611"}],"wp:attachment":[{"href":"https:\/\/logivations.com\/de\/wp-json\/wp\/v2\/media?parent=6366"}],"curies":[{"name":"wp","href":"https:\/\/api.w.org\/{rel}","templated":true}]}}