{"id":4584,"date":"2024-06-11T14:24:07","date_gmt":"2024-06-11T14:24:07","guid":{"rendered":"http:\/\/18.159.134.110\/?page_id=4584"},"modified":"2024-08-02T18:01:24","modified_gmt":"2024-08-02T18:01:24","slug":"forklift-onboard-camera","status":"publish","type":"page","link":"https:\/\/logivations.com\/de\/solutions\/goods-recognition\/forklift-onboard-camera\/","title":{"rendered":"Stapler mit Erkennungseinheit"},"content":{"rendered":"<div class=\"wp-block-stackable-columns alignfull stk-block-columns stk-block stk-51b2b12 stk-block-background stk--has-background-overlay\" data-block-id=\"51b2b12\"><style>.stk-51b2b12 .stk--block-align-51b2b12{align-items:center !important}.stk-51b2b12{background-image:url(https:\/\/www.logivations.com\/wp-content\/uploads\/2023\/11\/identification_gate.jpg) !important;background-position:bottom center !important;background-repeat:no-repeat !important;background-size:cover !important;padding-top:280px !important;padding-bottom:63px !important;margin-top:-135px !important}.stk-51b2b12:before{background-color:#000000 !important;opacity:0.6 !important}.stk-51b2b12-column{--stk-column-gap:35px !important;row-gap:35px !important}@media screen and (max-width:999px){.stk-51b2b12{padding-top:250px !important;padding-bottom:150px !important}}@media screen and (max-width:689px){.stk-51b2b12{padding-top:186px !important;padding-bottom:100px !important;margin-top:-90px !important}}<\/style><div class=\"stk-row stk-inner-blocks stk--block-align-51b2b12 stk-block-content stk-content-align stk-51b2b12-column\">\n<div class=\"wp-block-stackable-column stk-block-column stk-column stk-block stk-3a43e6b\" data-v=\"4\" data-block-id=\"3a43e6b\"><style>.stk-3a43e6b-container{margin-top:0px !important;margin-right:0px !important;margin-bottom:0px !important;margin-left:0px !important}@media screen and (min-width:690px){.stk-3a43e6b{flex:var(--stk-flex-grow,1) 1 calc(96.8% - var(--stk-column-gap,0px) * 1 \/ 2 ) !important}}@media screen and (min-width:690px) and (max-width:999px){.stk-3a43e6b{flex:var(--stk-flex-grow,1) 1 calc(55% - var(--stk-column-gap,0px) * 1 \/ 2 ) !important}}<\/style><div class=\"stk-column-wrapper stk-block-column__content stk-container stk-3a43e6b-container stk--no-background stk--no-padding\"><div class=\"has-text-align-center-mobile stk-block-content stk-inner-blocks stk-3a43e6b-inner-blocks\">\n<h2 class=\"wp-block-heading\"><span style=\"color: var(--theme-palette-color-8, #ffffff);\" class=\"stk-highlight\"><\/span><\/h2>\n\n\n\n<div class=\"wp-block-stackable-text stk-block-text stk-block stk-3bad419\" data-block-id=\"3bad419\"><style>.stk-3bad419{margin-bottom:8px !important}.stk-3bad419 .stk-block-text__text{color:var(--theme-palette-color-8,#ffffff) !important;font-weight:bold !important}<\/style><p class=\"stk-block-text__text has-text-color\"><\/p><\/div>\n\n\n\n<div class=\"wp-block-stackable-heading stk-block-heading stk-block-heading--v2 stk-block stk-7225c59\" id=\"forklift-onboard-camera\" data-block-id=\"7225c59\"><style>.stk-7225c59{margin-bottom:10px !important}.stk-7225c59 .stk-block-heading__text{font-size:55px !important;color:var(--theme-palette-color-8,#ffffff) !important}@media screen and (max-width:999px){.stk-7225c59 .stk-block-heading__text{font-size:40px !important}}@media screen and (max-width:689px){.stk-7225c59 .stk-block-heading__text{font-size:30px !important}}<\/style><h1 class=\"stk-block-heading__text has-text-color\">Stapler mit Erkennungseinheit<\/h1><\/div>\n\n\n\n<div class=\"wp-block-stackable-text stk-block-text stk-block stk-81505a5\" data-block-id=\"81505a5\"><style>.stk-81505a5 .stk-block-text__text{font-size:19px !important;color:var(--theme-palette-color-8,#ffffff) !important}@media screen and (max-width:999px){.stk-81505a5 .stk-block-text__text{font-size:19px !important}}<\/style><p class=\"stk-block-text__text has-text-color\"><strong>Etikettenlesen bei der Plattenaufnahme ohne zus\u00e4tzlichen Aufwand.<\/strong><\/p><\/div>\n<\/div><\/div><\/div>\n\n\n\n<div class=\"wp-block-stackable-column stk-block-column stk-column stk-block stk-0e2597c\" data-v=\"4\" data-block-id=\"0e2597c\"><style>.stk-0e2597c-container{margin-top:0px !important;margin-right:0px !important;margin-bottom:0px !important;margin-left:0px !important}@media screen and (min-width:690px){.stk-0e2597c{flex:var(--stk-flex-grow,1) 1 calc(3.2% - var(--stk-column-gap,0px) * 1 \/ 2 ) !important}}@media screen and (min-width:690px) and (max-width:999px){.stk-0e2597c{flex:var(--stk-flex-grow,1) 1 calc(45% - var(--stk-column-gap,0px) * 1 \/ 2 ) !important}}<\/style><div class=\"stk-column-wrapper stk-block-column__content stk-container stk-0e2597c-container stk--no-background stk--no-padding\"><div class=\"stk-block-content stk-inner-blocks stk-0e2597c-inner-blocks\"><\/div><\/div><\/div>\n<\/div><\/div>\n\n\n\n<div class=\"wp-block-stackable-feature stk-block-feature stk-block stk-f870a3e stk-block-background is-style-default\" data-v=\"2\" data-block-id=\"f870a3e\"><style>.stk-f870a3e{border-top-left-radius:0px !important;border-top-right-radius:0px !important;border-bottom-right-radius:0px !important;border-bottom-left-radius:0px !important;overflow:hidden !important;box-shadow:none !important}<\/style><div class=\"stk-content-align stk-f870a3e-column stk-container stk-f870a3e-container stk--no-background stk--no-padding\"><div class=\"stk-inner-blocks stk-block-content stk-row\">\n<div class=\"wp-block-stackable-column stk-block-column stk-column stk-block stk-7f71d0c\" data-v=\"4\" data-block-id=\"7f71d0c\"><style>.stk-7f71d0c{align-self:center !important}<\/style><div class=\"stk-column-wrapper stk-block-column__content stk-container stk-7f71d0c-container stk--no-background stk--no-padding\"><div class=\"stk-block-content stk-inner-blocks stk-7f71d0c-inner-blocks\">\n<div class=\"wp-block-stackable-heading stk-block-heading stk-block-heading--v2 stk-block stk-3984ea6\" id=\"onboard-label-reading\" data-block-id=\"3984ea6\"><h2 class=\"stk-block-heading__text\">Automatisches Etikettenlesen<\/h2><\/div>\n\n\n\n<div class=\"wp-block-stackable-icon-list stk-block-icon-list stk-block stk-3de0e00\" data-block-id=\"3de0e00\"><style>.stk-3de0e00 .stk-block-icon-list-item__content{gap:4px !important;align-items:baseline !important}.stk-3de0e00{--stk-icon-height:7.75px !important}<\/style><svg style=\"display:none\"><defs><g id=\"stk-icon-list__icon-svg-def-3de0e00\"><svg xmlns=\"http:\/\/www.w3.org\/2000\/svg\" viewbox=\"0 0 190 190\"><polygon points=\"173.8,28.4 60.4,141.8 15.7,97.2 5.1,107.8 60.4,163 184.4,39 173.8,28.4\"\/><\/svg><\/g><\/defs><\/svg><div class=\"stk-block-icon-list__ul stk-block-icon-list--column\"><ul class=\"stk-block-icon-list__group\">\n<li class=\"wp-block-stackable-icon-list-item stk-block-icon-list-item stk-block stk-90af48a\" data-block-id=\"90af48a\"><div class=\"stk-block-icon-list-item__content\"><span class=\"stk--svg-wrapper\"><div class=\"stk--inner-svg\"><svg aria-hidden=\"true\" width=\"32\" height=\"32\"><use xlink:href=\"#stk-icon-list__icon-svg-def-3de0e00\"><\/use><\/svg><\/div><\/span><span class=\"stk-block-icon-list-item__text\">Lesen von 1D und 2D Barcodes w\u00e4hrend der Palettenaufnahme<\/span><\/div><\/li>\n\n\n\n<li class=\"wp-block-stackable-icon-list-item stk-block-icon-list-item stk-block stk-8c6876f\" data-block-id=\"8c6876f\"><div class=\"stk-block-icon-list-item__content\"><span class=\"stk--svg-wrapper\"><div class=\"stk--inner-svg\"><svg aria-hidden=\"true\" width=\"32\" height=\"32\"><use xlink:href=\"#stk-icon-list__icon-svg-def-3de0e00\"><\/use><\/svg><\/div><\/span><span class=\"stk-block-icon-list-item__text\">Lesen von Text und speziellen Etiketten auf Paletten<\/span><\/div><\/li>\n\n\n\n<li class=\"wp-block-stackable-icon-list-item stk-block-icon-list-item stk-block stk-3ece78f\" data-block-id=\"3ece78f\"><div class=\"stk-block-icon-list-item__content\"><span class=\"stk--svg-wrapper\"><div class=\"stk--inner-svg\"><svg aria-hidden=\"true\" width=\"32\" height=\"32\"><use xlink:href=\"#stk-icon-list__icon-svg-def-3de0e00\"><\/use><\/svg><\/div><\/span><span class=\"stk-block-icon-list-item__text\">Montage an alle Arten von Staplern , FTS oder AMRs<\/span><\/div><\/li>\n\n\n\n<li class=\"wp-block-stackable-icon-list-item stk-block-icon-list-item stk-block stk-236b740\" data-block-id=\"236b740\"><div class=\"stk-block-icon-list-item__content\"><span class=\"stk--svg-wrapper\"><div class=\"stk--inner-svg\"><svg aria-hidden=\"true\" width=\"32\" height=\"32\"><use xlink:href=\"#stk-icon-list__icon-svg-def-3de0e00\"><\/use><\/svg><\/div><\/span><span class=\"stk-block-icon-list-item__text\">Abdeckung von Palettenstapeln, kurze und lange Seite<\/span><\/div><\/li>\n\n\n\n<li class=\"wp-block-stackable-icon-list-item stk-block-icon-list-item stk-block stk-49a07b6\" data-block-id=\"49a07b6\"><div class=\"stk-block-icon-list-item__content\"><span class=\"stk--svg-wrapper\"><div class=\"stk--inner-svg\"><svg aria-hidden=\"true\" width=\"32\" height=\"32\"><use xlink:href=\"#stk-icon-list__icon-svg-def-3de0e00\"><\/use><\/svg><\/div><\/span><span class=\"stk-block-icon-list-item__text\">Konsistenzcheck f\u00fcr Labels und Waren<\/span><\/div><\/li>\n<\/ul><\/div><\/div>\n<\/div><\/div><\/div>\n\n\n\n<div class=\"wp-block-stackable-column stk-block-column stk-column stk-block stk-4e405a4\" data-v=\"4\" data-block-id=\"4e405a4\"><style>.stk-4e405a4{align-self:center !important}<\/style><div class=\"stk-column-wrapper stk-block-column__content stk-container stk-4e405a4-container stk--no-background stk--no-padding\"><div class=\"stk-block-content stk-inner-blocks stk-4e405a4-inner-blocks\">\n<div class=\"wp-block-stackable-image stk-block-image stk-block stk-43fe2c0\" data-block-id=\"43fe2c0\"><figure><span class=\"stk-img-wrapper stk-image--shape-stretch\"><img loading=\"lazy\" decoding=\"async\" class=\"stk-img wp-image-3617\" src=\"https:\/\/www.logivations.com\/wp-content\/uploads\/2023\/12\/Rendering1.jpg\" width=\"1200\" height=\"900\" alt=\"Automatisches Etikettenlesen\" srcset=\"https:\/\/logivations.com\/wp-content\/uploads\/2023\/12\/Rendering1.jpg 1200w, https:\/\/logivations.com\/wp-content\/uploads\/2023\/12\/Rendering1-300x225.jpg 300w, https:\/\/logivations.com\/wp-content\/uploads\/2023\/12\/Rendering1-1024x768.jpg 1024w, https:\/\/logivations.com\/wp-content\/uploads\/2023\/12\/Rendering1-768x576.jpg 768w, https:\/\/logivations.com\/wp-content\/uploads\/2023\/12\/Rendering1-16x12.jpg 16w\" sizes=\"auto, (max-width: 1200px) 100vw, 1200px\" \/><\/span><\/figure><\/div>\n<\/div><\/div><\/div>\n<\/div><\/div><\/div>\n\n\n\n<p>Montieren Sie Kameras an der Vorderseite Ihrer Gabelstapler oder an vorhandenen FTS oder AMRs und \u00fcberlassen Sie uns den Rest. Unser System scannt Barcodes oder liest Text, w\u00e4hrend es die Palette aufnimmt. Zuerst erkennen wir die Pakete oder Paletten und pr\u00fcfen dann, ob sie einen g\u00fcltigen Barcode haben. Wir k\u00f6nnen mehrere verschiedene Barcodes gleichzeitig lesen und eine Konsistenzpr\u00fcfung durchf\u00fchren, so dass nur der richtige Barcode f\u00fcr die weitere Verarbeitung verwendet wird. Dieses Produkt ist mit allen Arten von Gabelstaplern, AGVs und AMRs kompatibel, unabh\u00e4ngig von Hersteller und Baujahr. In der Standardausf\u00fchrung k\u00f6nnen Paletten bis zu einer H\u00f6he von 2 Metern und einer Breite von 1,2 Metern gescannt werden. Breitere oder h\u00f6here Paletten k\u00f6nnen auf Anfrage realisiert werden. Das System ist auch in der Lage, Stapel mit mehreren Paletten w\u00e4hrend der Aufnahme zu scannen.<\/p>\n\n\n\n<p>Die auf dem Stapler montierten Kameras interagieren mit dem <a href=\"https:\/\/logivations.com\/de\/solutions\/visual-identification-and-localization-camera-rtls\/real-time-location-system-ai-rtls\/\" data-type=\"page\" data-id=\"2160\">AI-RTL&amp;RS<\/a>und dienen als Palettenidentifikation, die f\u00fcr das Tracking erforderlich ist. Sobald die Palette von einem mit Kameras ausgestatteten Gabelstapler aufgenommen wurde, ist sie dem RTL&amp;RS-System bekannt und alle weiteren Bewegungen werden aufgezeichnet.<\/p>\n\n\n\n<div class=\"wp-block-stackable-columns alignfull stk-block-columns stk-block stk-b5cde0d stk-block-background stk--has-background-overlay\" data-block-id=\"b5cde0d\"><style>.stk-b5cde0d{background-color:#f9f9f9 !important;background-image:url(https:\/\/www.logivations.com\/wp-content\/uploads\/2023\/11\/solutions-image-01.jpg) !important;padding-top:96px !important;padding-bottom:15px !important;margin-top:30px !important;margin-bottom:10px !important}.stk-b5cde0d:before{background-color:#f9f9f9 !important;opacity:0.8 !important}.stk-b5cde0d-column{--stk-columns-spacing:14px !important;--stk-column-gap:10px !important}<\/style><div class=\"stk-row stk-inner-blocks has-text-align-center stk-block-content stk-content-align stk-b5cde0d-column alignfull\">\n<div class=\"wp-block-stackable-column stk-block-column stk-column stk-block stk-166186d\" data-v=\"4\" data-block-id=\"166186d\"><div class=\"stk-column-wrapper stk-block-column__content stk-container stk-166186d-container stk--no-background stk--no-padding\"><div class=\"stk-block-content stk-inner-blocks stk-166186d-inner-blocks\">\n<div class=\"wp-block-stackable-text stk-block-text stk-block stk-c4af4c6\" data-block-id=\"c4af4c6\"><style>.stk-c4af4c6{margin-bottom:1px !important}<\/style><p class=\"stk-block-text__text has-text-align-center\"><span style=\"color: var(--theme-palette-color-3, #3A4F66);\" class=\"stk-highlight\">INFORMIEREN SIE SICH AUCH \u00dcBER<\/span><\/p><\/div>\n\n\n\n<div class=\"wp-block-stackable-heading stk-block-heading stk-block-heading--v2 stk-block stk-2903aee\" id=\"a-href-press-news-data-type-link-data-id-https-www-logivations-com-en-solutions-lno-supply-network-planning-php-a-a-href-navigation-autonomous-mobile-robots-span-style-color-var-palette-color-3-3-a-4-f-66-class-stk-highlight-ai-guided-autonomous-mobile-robots-span-a\" data-block-id=\"2903aee\"><style>.stk-2903aee .stk-block-heading__text{color:var(--theme-palette-color-8,#ffffff) !important}<\/style><h4 class=\"stk-block-heading__text has-text-color has-text-align-center\"><a href=\"https:\/\/logivations.com\/de\/solutions\/visual-identification-and-localization-camera-rtls\/warentracking\/\" data-type=\"page\" data-id=\"4416\">Warentracking<\/a><\/h4><\/div>\n<\/div><\/div><\/div>\n<\/div><\/div>\n\n\n\n<p><\/p>","protected":false},"excerpt":{"rendered":"<p>Forklift Onboard Camera Read labels during pick-up without additional effort. Onboard Label Reading Add cameras to the top of your forklifts or existing AGVs or AMRs and let us do the rest. Our system performs barcode scanning or text reading during the approach for pick-up. First we recognize the packages or pallets, then we check [&hellip;]<\/p>","protected":false},"author":1,"featured_media":0,"parent":4004,"menu_order":3,"comment_status":"closed","ping_status":"closed","template":"","meta":{"footnotes":""},"class_list":["post-4584","page","type-page","status-publish","hentry"],"blocksy_meta":[],"_links":{"self":[{"href":"https:\/\/logivations.com\/de\/wp-json\/wp\/v2\/pages\/4584","targetHints":{"allow":["GET"]}}],"collection":[{"href":"https:\/\/logivations.com\/de\/wp-json\/wp\/v2\/pages"}],"about":[{"href":"https:\/\/logivations.com\/de\/wp-json\/wp\/v2\/types\/page"}],"author":[{"embeddable":true,"href":"https:\/\/logivations.com\/de\/wp-json\/wp\/v2\/users\/1"}],"replies":[{"embeddable":true,"href":"https:\/\/logivations.com\/de\/wp-json\/wp\/v2\/comments?post=4584"}],"version-history":[{"count":13,"href":"https:\/\/logivations.com\/de\/wp-json\/wp\/v2\/pages\/4584\/revisions"}],"predecessor-version":[{"id":6448,"href":"https:\/\/logivations.com\/de\/wp-json\/wp\/v2\/pages\/4584\/revisions\/6448"}],"up":[{"embeddable":true,"href":"https:\/\/logivations.com\/de\/wp-json\/wp\/v2\/pages\/4004"}],"wp:attachment":[{"href":"https:\/\/logivations.com\/de\/wp-json\/wp\/v2\/media?parent=4584"}],"curies":[{"name":"wp","href":"https:\/\/api.w.org\/{rel}","templated":true}]}}