{"id":4578,"date":"2024-06-11T14:11:56","date_gmt":"2024-06-11T14:11:56","guid":{"rendered":"http:\/\/18.159.134.110\/?page_id=4578"},"modified":"2024-08-02T17:59:56","modified_gmt":"2024-08-02T17:59:56","slug":"detection-conveyor-belt","status":"publish","type":"page","link":"https:\/\/logivations.com\/de\/solutions\/goods-recognition\/detection-conveyor-belt\/","title":{"rendered":"Inhaltserkennung auf der F\u00f6rdertechnik"},"content":{"rendered":"<div class=\"wp-block-stackable-columns alignfull stk-block-columns stk-block stk-51b2b12 stk-block-background stk--has-background-overlay\" data-block-id=\"51b2b12\"><style>.stk-51b2b12 .stk--block-align-51b2b12{align-items:center !important}.stk-51b2b12{background-image:url(https:\/\/www.logivations.com\/wp-content\/uploads\/2023\/11\/identification_gate.jpg) !important;background-position:bottom center !important;background-repeat:no-repeat !important;background-size:cover !important;padding-top:280px !important;padding-bottom:63px !important;margin-top:-135px !important}.stk-51b2b12:before{background-color:#000000 !important;opacity:0.5 !important}.stk-51b2b12-column{--stk-column-gap:35px !important;row-gap:35px !important}@media screen and (max-width:999px){.stk-51b2b12{padding-top:250px !important;padding-bottom:150px !important}}@media screen and (max-width:689px){.stk-51b2b12{padding-top:186px !important;padding-bottom:100px !important;margin-top:-90px !important}}<\/style><div class=\"stk-row stk-inner-blocks stk--block-align-51b2b12 stk-block-content stk-content-align stk-51b2b12-column\">\n<div class=\"wp-block-stackable-column stk-block-column stk-column stk-block stk-3a43e6b\" data-v=\"4\" data-block-id=\"3a43e6b\"><style>.stk-3a43e6b-container{margin-top:0px !important;margin-right:0px !important;margin-bottom:0px !important;margin-left:0px !important}@media screen and (min-width:690px){.stk-3a43e6b{flex:var(--stk-flex-grow,1) 1 calc(96.8% - var(--stk-column-gap,0px) * 1 \/ 2 ) !important}}@media screen and (min-width:690px) and (max-width:999px){.stk-3a43e6b{flex:var(--stk-flex-grow,1) 1 calc(55% - var(--stk-column-gap,0px) * 1 \/ 2 ) !important}}<\/style><div class=\"stk-column-wrapper stk-block-column__content stk-container stk-3a43e6b-container stk--no-background stk--no-padding\"><div class=\"has-text-align-center-mobile stk-block-content stk-inner-blocks stk-3a43e6b-inner-blocks\">\n<h2 class=\"wp-block-heading\"><span style=\"color: var(--theme-palette-color-8, #ffffff);\" class=\"stk-highlight\"><\/span><\/h2>\n\n\n\n<div class=\"wp-block-stackable-heading stk-block-heading stk-block-heading--v2 stk-block stk-7225c59\" id=\"content-detection-on-conveyor-belt\" data-block-id=\"7225c59\"><style>.stk-7225c59{margin-bottom:10px !important}.stk-7225c59 .stk-block-heading__text{font-size:55px !important;color:var(--theme-palette-color-8,#ffffff) !important}@media screen and (max-width:999px){.stk-7225c59 .stk-block-heading__text{font-size:40px !important}}@media screen and (max-width:689px){.stk-7225c59 .stk-block-heading__text{font-size:30px !important}}<\/style><h1 class=\"stk-block-heading__text has-text-color\">Inhaltserkennng auf der F\u00f6rdertechnik<\/h1><\/div>\n\n\n\n<div class=\"wp-block-stackable-text stk-block-text stk-block stk-81505a5\" data-block-id=\"81505a5\"><style>.stk-81505a5 .stk-block-text__text{font-size:19px !important;color:var(--theme-palette-color-8,#ffffff) !important}@media screen and (max-width:999px){.stk-81505a5 .stk-block-text__text{font-size:19px !important}}<\/style><p class=\"stk-block-text__text has-text-color\"><strong><strong><strong>\u00dcberpr\u00fcfen Sie den Inhalt der Boxen auf Ihrer F\u00f6rdertechnik, indem Sie eine Kamera dar\u00fcber platzieren.<\/strong><\/strong><\/strong><\/p><\/div>\n<\/div><\/div><\/div>\n\n\n\n<div class=\"wp-block-stackable-column stk-block-column stk-column stk-block stk-0e2597c\" data-v=\"4\" data-block-id=\"0e2597c\"><style>.stk-0e2597c-container{margin-top:0px !important;margin-right:0px !important;margin-bottom:0px !important;margin-left:0px !important}@media screen and (min-width:690px){.stk-0e2597c{flex:var(--stk-flex-grow,1) 1 calc(3.2% - var(--stk-column-gap,0px) * 1 \/ 2 ) !important}}@media screen and (min-width:690px) and (max-width:999px){.stk-0e2597c{flex:var(--stk-flex-grow,1) 1 calc(45% - var(--stk-column-gap,0px) * 1 \/ 2 ) !important}}<\/style><div class=\"stk-column-wrapper stk-block-column__content stk-container stk-0e2597c-container stk--no-background stk--no-padding\"><div class=\"stk-block-content stk-inner-blocks stk-0e2597c-inner-blocks\"><\/div><\/div><\/div>\n<\/div><\/div>\n\n\n\n<div class=\"wp-block-stackable-feature stk-block-feature stk-block stk-f870a3e stk-block-background is-style-default\" data-v=\"2\" data-block-id=\"f870a3e\"><style>.stk-f870a3e{border-top-left-radius:0px !important;border-top-right-radius:0px !important;border-bottom-right-radius:0px !important;border-bottom-left-radius:0px !important;overflow:hidden !important;box-shadow:none !important}<\/style><div class=\"stk-content-align stk-f870a3e-column stk-container stk-f870a3e-container stk--no-background stk--no-padding\"><div class=\"stk-inner-blocks stk-block-content stk-row\">\n<div class=\"wp-block-stackable-column stk-block-column stk-column stk-block stk-7f71d0c\" data-v=\"4\" data-block-id=\"7f71d0c\"><style>.stk-7f71d0c{align-self:center !important}<\/style><div class=\"stk-column-wrapper stk-block-column__content stk-container stk-7f71d0c-container stk--no-background stk--no-padding\"><div class=\"stk-block-content stk-inner-blocks stk-7f71d0c-inner-blocks\">\n<div class=\"wp-block-stackable-heading stk-block-heading stk-block-heading--v2 stk-block stk-3984ea6\" id=\"scan-free-content-verification-on-conveyor\" data-block-id=\"3984ea6\"><h2 class=\"stk-block-heading__text\">Scanfreie Inhaltspr\u00fcfung auf der F\u00f6rdertechnik<\/h2><\/div>\n\n\n\n<div class=\"wp-block-stackable-icon-list stk-block-icon-list stk-block stk-3de0e00\" data-block-id=\"3de0e00\"><style>.stk-3de0e00 .stk-block-icon-list-item__content{gap:4px !important;align-items:baseline !important}.stk-3de0e00{--stk-icon-height:7.75px !important}<\/style><svg style=\"display:none\"><defs><g id=\"stk-icon-list__icon-svg-def-3de0e00\"><svg xmlns=\"http:\/\/www.w3.org\/2000\/svg\" viewbox=\"0 0 190 190\"><polygon points=\"173.8,28.4 60.4,141.8 15.7,97.2 5.1,107.8 60.4,163 184.4,39 173.8,28.4\"\/><\/svg><\/g><\/defs><\/svg><div class=\"stk-block-icon-list__ul stk-block-icon-list--column\"><ul class=\"stk-block-icon-list__group\">\n<li class=\"wp-block-stackable-icon-list-item stk-block-icon-list-item stk-block stk-637c225\" data-block-id=\"637c225\"><div class=\"stk-block-icon-list-item__content\"><span class=\"stk--svg-wrapper\"><div class=\"stk--inner-svg\"><svg aria-hidden=\"true\" width=\"32\" height=\"32\"><use xlink:href=\"#stk-icon-list__icon-svg-def-3de0e00\"><\/use><\/svg><\/div><\/span><span class=\"stk-block-icon-list-item__text\">Lesen von 1D und 2D Barcodes im Vorbeifahren<\/span><\/div><\/li>\n\n\n\n<li class=\"wp-block-stackable-icon-list-item stk-block-icon-list-item stk-block stk-76bc15a\" data-block-id=\"76bc15a\"><div class=\"stk-block-icon-list-item__content\"><span class=\"stk--svg-wrapper\"><div class=\"stk--inner-svg\"><svg aria-hidden=\"true\" width=\"32\" height=\"32\"><use xlink:href=\"#stk-icon-list__icon-svg-def-3de0e00\"><\/use><\/svg><\/div><\/span><span class=\"stk-block-icon-list-item__text\">Konsistenzcheck pr\u00fcft, ob f\u00fcr jedes Packst\u00fcck ein Code erkannt wurde<\/span><\/div><\/li>\n\n\n\n<li class=\"wp-block-stackable-icon-list-item stk-block-icon-list-item stk-block stk-6cc8156\" data-block-id=\"6cc8156\"><div class=\"stk-block-icon-list-item__content\"><span class=\"stk--svg-wrapper\"><div class=\"stk--inner-svg\"><svg aria-hidden=\"true\" width=\"32\" height=\"32\"><use xlink:href=\"#stk-icon-list__icon-svg-def-3de0e00\"><\/use><\/svg><\/div><\/span><span class=\"stk-block-icon-list-item__text\">Textlesen (OCR) im Vorbeifahren<\/span><\/div><\/li>\n\n\n\n<li class=\"wp-block-stackable-icon-list-item stk-block-icon-list-item stk-block stk-63e29e5\" data-block-id=\"63e29e5\"><div class=\"stk-block-icon-list-item__content\"><span class=\"stk--svg-wrapper\"><div class=\"stk--inner-svg\"><svg aria-hidden=\"true\" width=\"32\" height=\"32\"><use xlink:href=\"#stk-icon-list__icon-svg-def-3de0e00\"><\/use><\/svg><\/div><\/span><span class=\"stk-block-icon-list-item__text\">Dimensionsvermessung im Vorbeifahren<\/span><\/div><\/li>\n<\/ul><\/div><\/div>\n<\/div><\/div><\/div>\n\n\n\n<div class=\"wp-block-stackable-column stk-block-column stk-column stk-block stk-4e405a4\" data-v=\"4\" data-block-id=\"4e405a4\"><style>.stk-4e405a4{align-self:center !important}<\/style><div class=\"stk-column-wrapper stk-block-column__content stk-container stk-4e405a4-container stk--no-background stk--no-padding\"><div class=\"stk-block-content stk-inner-blocks stk-4e405a4-inner-blocks\">\n<div class=\"wp-block-stackable-image stk-block-image stk-block stk-43fe2c0\" data-block-id=\"43fe2c0\"><figure><span class=\"stk-img-wrapper stk-image--shape-stretch\"><img loading=\"lazy\" decoding=\"async\" class=\"stk-img wp-image-4890\" src=\"https:\/\/www.logivations.com\/wp-content\/uploads\/2024\/06\/conveyor.png\" width=\"1586\" height=\"876\" alt=\"Scanfreie Inhaltspr\u00fcfung auf der F\u00f6rdertechnik\" srcset=\"https:\/\/logivations.com\/wp-content\/uploads\/2024\/06\/conveyor.png 1586w, https:\/\/logivations.com\/wp-content\/uploads\/2024\/06\/conveyor-300x166.png 300w, https:\/\/logivations.com\/wp-content\/uploads\/2024\/06\/conveyor-1024x566.png 1024w, https:\/\/logivations.com\/wp-content\/uploads\/2024\/06\/conveyor-768x424.png 768w, https:\/\/logivations.com\/wp-content\/uploads\/2024\/06\/conveyor-1536x848.png 1536w, https:\/\/logivations.com\/wp-content\/uploads\/2024\/06\/conveyor-18x10.png 18w\" sizes=\"auto, (max-width: 1586px) 100vw, 1586px\" \/><\/span><\/figure><\/div>\n<\/div><\/div><\/div>\n<\/div><\/div><\/div>\n\n\n\n<p>Um den Inhalt von Beh\u00e4ltern zu \u00fcberpr\u00fcfen, die sich auf einem F\u00f6rderband bewegen, oder um die Etiketten auf Kartons zu kontrollieren, kann ein Kameragate am F\u00f6rderband montiert werden. Dieses Gate liest alle 1D- und 2D-Barcodes auf den Kartons, kann den Text auf den Etiketten lesen und sogar die Abmessungen \u00fcberpr\u00fcfen. Dies funktioniert sowohl f\u00fcr Kartons, die sich auf einem F\u00f6rderband bewegen, als auch f\u00fcr kleinere Produkte in Beh\u00e4ltern. Somit bietet dieses System eine scanfreie L\u00f6sung zur Inhaltskontrolle. <\/p>\n\n\n\n<div class=\"wp-block-stackable-feature stk-block-feature stk-block stk-6724033 stk-block-background is-style-default\" data-v=\"2\" data-block-id=\"6724033\"><style>.stk-6724033{border-top-left-radius:0px !important;border-top-right-radius:0px !important;border-bottom-right-radius:0px !important;border-bottom-left-radius:0px !important;overflow:hidden !important;box-shadow:none !important}<\/style><div class=\"stk-content-align stk-6724033-column stk-container stk-6724033-container stk--no-background stk--no-padding\"><div class=\"stk-inner-blocks stk-block-content stk-row\">\n<div class=\"wp-block-stackable-column stk-block-column stk-column stk-block stk-d711b3f\" data-v=\"4\" data-block-id=\"d711b3f\"><style>.stk-d711b3f{align-self:center !important}<\/style><div class=\"stk-column-wrapper stk-block-column__content stk-container stk-d711b3f-container stk--no-background stk--no-padding\"><div class=\"stk-block-content stk-inner-blocks stk-d711b3f-inner-blocks\">\n<div class=\"wp-block-stackable-heading stk-block-heading stk-block-heading--v2 stk-block stk-3efd804\" id=\"conveyor-gates-for-pallets\" data-block-id=\"3efd804\"><h2 class=\"stk-block-heading__text\">F\u00f6rdertechnik Gates f\u00fcr Paletten<\/h2><\/div>\n\n\n\n<div class=\"wp-block-stackable-icon-list stk-block-icon-list stk-block stk-843786d\" data-block-id=\"843786d\"><style>.stk-843786d .stk-block-icon-list-item__content{gap:4px !important;align-items:baseline !important}.stk-843786d{--stk-icon-height:7.75px !important}<\/style><svg style=\"display:none\"><defs><g id=\"stk-icon-list__icon-svg-def-843786d\"><svg xmlns=\"http:\/\/www.w3.org\/2000\/svg\" viewbox=\"0 0 190 190\"><polygon points=\"173.8,28.4 60.4,141.8 15.7,97.2 5.1,107.8 60.4,163 184.4,39 173.8,28.4\"\/><\/svg><\/g><\/defs><\/svg><div class=\"stk-block-icon-list__ul stk-block-icon-list--column\"><ul class=\"stk-block-icon-list__group\">\n<li class=\"wp-block-stackable-icon-list-item stk-block-icon-list-item stk-block stk-b2ca039\" data-block-id=\"b2ca039\"><div class=\"stk-block-icon-list-item__content\"><span class=\"stk--svg-wrapper\"><div class=\"stk--inner-svg\"><svg aria-hidden=\"true\" width=\"32\" height=\"32\"><use xlink:href=\"#stk-icon-list__icon-svg-def-843786d\"><\/use><\/svg><\/div><\/span><span class=\"stk-block-icon-list-item__text\">Lesen von 1D und 2D Barcodes  und Text im Vorbeifahren<\/span><\/div><\/li>\n\n\n\n<li class=\"wp-block-stackable-icon-list-item stk-block-icon-list-item stk-block stk-5c9ad5a\" data-block-id=\"5c9ad5a\"><div class=\"stk-block-icon-list-item__content\"><span class=\"stk--svg-wrapper\"><div class=\"stk--inner-svg\"><svg aria-hidden=\"true\" width=\"32\" height=\"32\"><use xlink:href=\"#stk-icon-list__icon-svg-def-843786d\"><\/use><\/svg><\/div><\/span><span class=\"stk-block-icon-list-item__text\">Konsistenzcheck pr\u00fcft, ob f\u00fcr jedes Packst\u00fcck ein Code erkannt wurde<\/span><\/div><\/li>\n\n\n\n<li class=\"wp-block-stackable-icon-list-item stk-block-icon-list-item stk-block stk-a92beaa\" data-block-id=\"a92beaa\"><div class=\"stk-block-icon-list-item__content\"><span class=\"stk--svg-wrapper\"><div class=\"stk--inner-svg\"><svg aria-hidden=\"true\" width=\"32\" height=\"32\"><use xlink:href=\"#stk-icon-list__icon-svg-def-843786d\"><\/use><\/svg><\/div><\/span><span class=\"stk-block-icon-list-item__text\">Erkennung des Ladungstr\u00e4gers<\/span><\/div><\/li>\n\n\n\n<li class=\"wp-block-stackable-icon-list-item stk-block-icon-list-item stk-block stk-5282ed5\" data-block-id=\"5282ed5\"><div class=\"stk-block-icon-list-item__content\"><span class=\"stk--svg-wrapper\"><div class=\"stk--inner-svg\"><svg aria-hidden=\"true\" width=\"32\" height=\"32\"><use xlink:href=\"#stk-icon-list__icon-svg-def-843786d\"><\/use><\/svg><\/div><\/span><span class=\"stk-block-icon-list-item__text\">Dimensionsvermessung und Konturpr\u00fcfung <\/span><\/div><\/li>\n<\/ul><\/div><\/div>\n<\/div><\/div><\/div>\n\n\n\n<div class=\"wp-block-stackable-column stk-block-column stk-column stk-block stk-be23a1f\" data-v=\"4\" data-block-id=\"be23a1f\"><style>.stk-be23a1f{align-self:center !important}<\/style><div class=\"stk-column-wrapper stk-block-column__content stk-container stk-be23a1f-container stk--no-background stk--no-padding\"><div class=\"stk-block-content stk-inner-blocks stk-be23a1f-inner-blocks\">\n<div class=\"wp-block-stackable-image stk-block-image stk-block stk-f664262\" data-block-id=\"f664262\"><figure><span class=\"stk-img-wrapper stk-image--shape-stretch\"><img loading=\"lazy\" decoding=\"async\" class=\"stk-img wp-image-4570\" src=\"https:\/\/www.logivations.com\/wp-content\/uploads\/2024\/06\/conveyor-gate.png\" width=\"636\" height=\"465\" alt=\"F\u00f6rdertechnik Gates f\u00fcr Paletten\" srcset=\"https:\/\/logivations.com\/wp-content\/uploads\/2024\/06\/conveyor-gate.png 636w, https:\/\/logivations.com\/wp-content\/uploads\/2024\/06\/conveyor-gate-300x219.png 300w, https:\/\/logivations.com\/wp-content\/uploads\/2024\/06\/conveyor-gate-16x12.png 16w\" sizes=\"auto, (max-width: 636px) 100vw, 636px\" \/><\/span><\/figure><\/div>\n<\/div><\/div><\/div>\n<\/div><\/div><\/div>\n\n\n\n<p>Das W2MO-Identifikationsgate kann an einem F\u00f6rdersystem montiert werden, um neben dem Lesen von Barcodes und der \u00dcberpr\u00fcfung, ob alle Etiketten gelesen wurden, weitere Aufgaben zu erf\u00fcllen. Es kann anhand einer Liste m\u00f6glicher Ladungstr\u00e4ger erkennen, welcher Ladungstr\u00e4ger verwendet wird. Auch Leerpalettenstapel k\u00f6nnen erkannt werden, selbst wenn sie kein Etikett tragen.<\/p>\n\n\n\n<p>Um die Abmessungen und die Konturen der transportierten Paletten zu erfassen, kann das Tor mit 3D-Kameras ausgestattet werden, die seine Funktionalit\u00e4t um die Dimensionsvermessung erweitern. <\/p>\n\n\n\n<div class=\"wp-block-stackable-columns alignfull stk-block-columns stk-block stk-b5cde0d stk-block-background stk--has-background-overlay\" data-block-id=\"b5cde0d\"><style>.stk-b5cde0d{background-color:#f9f9f9 !important;background-image:url(https:\/\/www.logivations.com\/wp-content\/uploads\/2023\/11\/solutions-image-01.jpg) !important;padding-top:96px !important;padding-bottom:15px !important;margin-top:30px !important;margin-bottom:10px !important}.stk-b5cde0d:before{background-color:#f9f9f9 !important;opacity:0.8 !important}.stk-b5cde0d-column{--stk-columns-spacing:14px !important;--stk-column-gap:10px !important}<\/style><div class=\"stk-row stk-inner-blocks has-text-align-center stk-block-content stk-content-align stk-b5cde0d-column alignfull\">\n<div class=\"wp-block-stackable-column stk-block-column stk-column stk-block stk-166186d\" data-v=\"4\" data-block-id=\"166186d\"><div class=\"stk-column-wrapper stk-block-column__content stk-container stk-166186d-container stk--no-background stk--no-padding\"><div class=\"stk-block-content stk-inner-blocks stk-166186d-inner-blocks\">\n<div class=\"wp-block-stackable-text stk-block-text stk-block stk-c4af4c6\" data-block-id=\"c4af4c6\"><style>.stk-c4af4c6{margin-bottom:1px !important}<\/style><p class=\"stk-block-text__text has-text-align-center\"><span style=\"color: var(--theme-palette-color-3, #3A4F66);\" class=\"stk-highlight\">INFORMIEREN SIE SICH AUCH \u00dcBER<\/span><\/p><\/div>\n\n\n\n<div class=\"wp-block-stackable-heading stk-block-heading stk-block-heading--v2 stk-block stk-2903aee\" id=\"a-href-press-news-data-type-link-data-id-https-www-logivations-com-en-solutions-lno-supply-network-planning-php-a-a-href-navigation-autonomous-mobile-robots-span-style-color-var-palette-color-3-3-a-4-f-66-class-stk-highlight-ai-guided-autonomous-mobile-robots-span-a\" data-block-id=\"2903aee\"><style>.stk-2903aee .stk-block-heading__text{color:var(--theme-palette-color-8,#ffffff) !important}<\/style><h4 class=\"stk-block-heading__text has-text-color has-text-align-center\"><a href=\"https:\/\/logivations.com\/de\/solutions\/goods-recognition\/identification-gate\/\" data-type=\"page\" data-id=\"4565\">Barcode Identifikationsgate<\/a><\/h4><\/div>\n<\/div><\/div><\/div>\n<\/div><\/div>\n\n\n\n<p><\/p>","protected":false},"excerpt":{"rendered":"<p>Content Detection on Conveyor Belt Check the content inside of boxes moving on your conveyor simply by placing a camera on top of it. Scan-free content verification on conveyor To verify the contents of totes moving on a conveyor or to check box labels, we can simply place a camera gate on top of the [&hellip;]<\/p>","protected":false},"author":1,"featured_media":0,"parent":4004,"menu_order":3,"comment_status":"closed","ping_status":"closed","template":"","meta":{"footnotes":""},"class_list":["post-4578","page","type-page","status-publish","hentry"],"blocksy_meta":[],"_links":{"self":[{"href":"https:\/\/logivations.com\/de\/wp-json\/wp\/v2\/pages\/4578","targetHints":{"allow":["GET"]}}],"collection":[{"href":"https:\/\/logivations.com\/de\/wp-json\/wp\/v2\/pages"}],"about":[{"href":"https:\/\/logivations.com\/de\/wp-json\/wp\/v2\/types\/page"}],"author":[{"embeddable":true,"href":"https:\/\/logivations.com\/de\/wp-json\/wp\/v2\/users\/1"}],"replies":[{"embeddable":true,"href":"https:\/\/logivations.com\/de\/wp-json\/wp\/v2\/comments?post=4578"}],"version-history":[{"count":14,"href":"https:\/\/logivations.com\/de\/wp-json\/wp\/v2\/pages\/4578\/revisions"}],"predecessor-version":[{"id":6447,"href":"https:\/\/logivations.com\/de\/wp-json\/wp\/v2\/pages\/4578\/revisions\/6447"}],"up":[{"embeddable":true,"href":"https:\/\/logivations.com\/de\/wp-json\/wp\/v2\/pages\/4004"}],"wp:attachment":[{"href":"https:\/\/logivations.com\/de\/wp-json\/wp\/v2\/media?parent=4578"}],"curies":[{"name":"wp","href":"https:\/\/api.w.org\/{rel}","templated":true}]}}