{"id":4416,"date":"2024-06-06T07:17:35","date_gmt":"2024-06-06T07:17:35","guid":{"rendered":"http:\/\/18.159.134.110\/?page_id=4416"},"modified":"2024-08-02T17:43:35","modified_gmt":"2024-08-02T17:43:35","slug":"warentracking","status":"publish","type":"page","link":"https:\/\/logivations.com\/de\/solutions\/visual-identification-and-localization-camera-rtls\/warentracking\/","title":{"rendered":"Warentracking"},"content":{"rendered":"<div class=\"wp-block-stackable-columns alignfull stk-block-columns stk-block stk-51b2b12 stk-block-background stk--has-background-overlay\" data-block-id=\"51b2b12\"><style>.stk-51b2b12 .stk--block-align-51b2b12{align-items:center !important}.stk-51b2b12{background-image:url(https:\/\/www.logivations.com\/wp-content\/uploads\/2024\/06\/WH_DigitalTwin_v2-scaled.jpg) !important;background-position:bottom center !important;background-repeat:no-repeat !important;background-size:cover !important;padding-top:280px !important;padding-bottom:63px !important;margin-top:-135px !important}.stk-51b2b12:before{background-color:#000000 !important;opacity:0.6 !important}.stk-51b2b12-column{--stk-column-gap:35px !important;row-gap:35px !important}@media screen and (max-width:999px){.stk-51b2b12{padding-top:250px !important;padding-bottom:150px !important}}@media screen and (max-width:689px){.stk-51b2b12{padding-top:186px !important;padding-bottom:100px !important;margin-top:-90px !important}}<\/style><div class=\"stk-row stk-inner-blocks stk--block-align-51b2b12 stk-block-content stk-content-align stk-51b2b12-column\">\n<div class=\"wp-block-stackable-column stk-block-column stk-column stk-block stk-3a43e6b\" data-v=\"4\" data-block-id=\"3a43e6b\"><style>.stk-3a43e6b-container{margin-top:0px !important;margin-right:0px !important;margin-bottom:0px !important;margin-left:0px !important}@media screen and (min-width:690px){.stk-3a43e6b{flex:var(--stk-flex-grow,1) 1 calc(96.8% - var(--stk-column-gap,0px) * 1 \/ 2 ) !important}}@media screen and (min-width:690px) and (max-width:999px){.stk-3a43e6b{flex:var(--stk-flex-grow,1) 1 calc(55% - var(--stk-column-gap,0px) * 1 \/ 2 ) !important}}<\/style><div class=\"stk-column-wrapper stk-block-column__content stk-container stk-3a43e6b-container stk--no-background stk--no-padding\"><div class=\"has-text-align-center-mobile stk-block-content stk-inner-blocks stk-3a43e6b-inner-blocks\">\n<h2 class=\"wp-block-heading\"><span style=\"color: var(--theme-palette-color-8, #ffffff);\" class=\"stk-highlight\"><\/span><\/h2>\n\n\n\n<div class=\"wp-block-stackable-heading stk-block-heading stk-block-heading--v2 stk-block stk-7225c59\" id=\"goods-tracking\" data-block-id=\"7225c59\"><style>.stk-7225c59{margin-bottom:10px !important}.stk-7225c59 .stk-block-heading__text{font-size:55px !important;color:var(--theme-palette-color-8,#ffffff) !important}@media screen and (max-width:999px){.stk-7225c59 .stk-block-heading__text{font-size:40px !important}}@media screen and (max-width:689px){.stk-7225c59 .stk-block-heading__text{font-size:30px !important}}<\/style><h1 class=\"stk-block-heading__text has-text-color\">Warentracking<\/h1><\/div>\n\n\n\n<div class=\"wp-block-stackable-text stk-block-text stk-block stk-81505a5\" data-block-id=\"81505a5\"><style>.stk-81505a5 .stk-block-text__text{font-size:19px !important;color:var(--theme-palette-color-8,#ffffff) !important}@media screen and (max-width:999px){.stk-81505a5 .stk-block-text__text{font-size:19px !important}}<\/style><p class=\"stk-block-text__text has-text-color\"><strong><strong>Tracking von Waren und Fahrzeugen basieren auf Objekterkennung durch KI und dem Digitalen Zwilling in W2MO<\/strong><\/strong><\/p><\/div>\n<\/div><\/div><\/div>\n\n\n\n<div class=\"wp-block-stackable-column stk-block-column stk-column stk-block stk-0e2597c\" data-v=\"4\" data-block-id=\"0e2597c\"><style>.stk-0e2597c-container{margin-top:0px !important;margin-right:0px !important;margin-bottom:0px !important;margin-left:0px !important}@media screen and (min-width:690px){.stk-0e2597c{flex:var(--stk-flex-grow,1) 1 calc(3.2% - var(--stk-column-gap,0px) * 1 \/ 2 ) !important}}@media screen and (min-width:690px) and (max-width:999px){.stk-0e2597c{flex:var(--stk-flex-grow,1) 1 calc(45% - var(--stk-column-gap,0px) * 1 \/ 2 ) !important}}<\/style><div class=\"stk-column-wrapper stk-block-column__content stk-container stk-0e2597c-container stk--no-background stk--no-padding\"><div class=\"stk-block-content stk-inner-blocks stk-0e2597c-inner-blocks\"><\/div><\/div><\/div>\n<\/div><\/div>\n\n\n\n<div class=\"wp-block-stackable-feature stk-block-feature stk-block stk-f870a3e stk-block-background is-style-default\" data-v=\"2\" data-block-id=\"f870a3e\"><style>.stk-f870a3e{border-top-left-radius:0px !important;border-top-right-radius:0px !important;border-bottom-right-radius:0px !important;border-bottom-left-radius:0px !important;overflow:hidden !important;box-shadow:none !important}<\/style><div class=\"stk-content-align stk-f870a3e-column stk-container stk-f870a3e-container stk--no-background stk--no-padding\"><div class=\"stk-inner-blocks stk-block-content stk-row\">\n<div class=\"wp-block-stackable-column stk-block-column stk-column stk-block stk-7f71d0c\" data-v=\"4\" data-block-id=\"7f71d0c\"><style>.stk-7f71d0c{align-self:center !important}<\/style><div class=\"stk-column-wrapper stk-block-column__content stk-container stk-7f71d0c-container stk--no-background stk--no-padding\"><div class=\"stk-block-content stk-inner-blocks stk-7f71d0c-inner-blocks\">\n<div class=\"wp-block-stackable-heading stk-block-heading stk-block-heading--v2 stk-block stk-3984ea6\" id=\"automatic-recording-of-goods-movements\" data-block-id=\"3984ea6\"><h2 class=\"stk-block-heading__text\">Automatische Verbuchung von Warenbewegungen<\/h2><\/div>\n\n\n\n<div class=\"wp-block-stackable-icon-list stk-block-icon-list stk-block stk-3de0e00\" data-block-id=\"3de0e00\"><style>.stk-3de0e00 .stk-block-icon-list-item__content{gap:4px !important;align-items:baseline !important}.stk-3de0e00{--stk-icon-height:7.75px !important}<\/style><svg style=\"display:none\"><defs><g id=\"stk-icon-list__icon-svg-def-3de0e00\"><svg xmlns=\"http:\/\/www.w3.org\/2000\/svg\" viewbox=\"0 0 190 190\"><polygon points=\"173.8,28.4 60.4,141.8 15.7,97.2 5.1,107.8 60.4,163 184.4,39 173.8,28.4\"\/><\/svg><\/g><\/defs><\/svg><div class=\"stk-block-icon-list__ul stk-block-icon-list--column\"><ul class=\"stk-block-icon-list__group\">\n<li class=\"wp-block-stackable-icon-list-item stk-block-icon-list-item stk-block stk-f651cb6\" data-block-id=\"f651cb6\"><div class=\"stk-block-icon-list-item__content\"><span class=\"stk--svg-wrapper\"><div class=\"stk--inner-svg\"><svg aria-hidden=\"true\" width=\"32\" height=\"32\"><use xlink:href=\"#stk-icon-list__icon-svg-def-3de0e00\"><\/use><\/svg><\/div><\/span><span class=\"stk-block-icon-list-item__text\">Verfolgung von Palettenbewegungen durch den gesamten Prozess<\/span><\/div><\/li>\n\n\n\n<li class=\"wp-block-stackable-icon-list-item stk-block-icon-list-item stk-block stk-8efa481\" data-block-id=\"8efa481\"><div class=\"stk-block-icon-list-item__content\"><span class=\"stk--svg-wrapper\"><div class=\"stk--inner-svg\"><svg aria-hidden=\"true\" width=\"32\" height=\"32\"><use xlink:href=\"#stk-icon-list__icon-svg-def-3de0e00\"><\/use><\/svg><\/div><\/span><span class=\"stk-block-icon-list-item__text\">Nur einmalige Identifikation im ganzen Prozess n\u00f6tig <\/span><\/div><\/li>\n\n\n\n<li class=\"wp-block-stackable-icon-list-item stk-block-icon-list-item stk-block stk-69e1cca\" data-block-id=\"69e1cca\"><div class=\"stk-block-icon-list-item__content\"><span class=\"stk--svg-wrapper\"><div class=\"stk--inner-svg\"><svg aria-hidden=\"true\" width=\"32\" height=\"32\"><use xlink:href=\"#stk-icon-list__icon-svg-def-3de0e00\"><\/use><\/svg><\/div><\/span><span class=\"stk-block-icon-list-item__text\">Automatische Verbuchung der Warenbewegungen ins LVS <\/span><\/div><\/li>\n\n\n\n<li class=\"wp-block-stackable-icon-list-item stk-block-icon-list-item stk-block stk-e7cb84c\" data-block-id=\"e7cb84c\"><div class=\"stk-block-icon-list-item__content\"><span class=\"stk--svg-wrapper\"><div class=\"stk--inner-svg\"><svg aria-hidden=\"true\" width=\"32\" height=\"32\"><use xlink:href=\"#stk-icon-list__icon-svg-def-3de0e00\"><\/use><\/svg><\/div><\/span><span class=\"stk-block-icon-list-item__text\">F\u00fcr Regallager und Bodenpl\u00e4tze<\/span><\/div><\/li>\n\n\n\n<li class=\"wp-block-stackable-icon-list-item stk-block-icon-list-item stk-block stk-cdd0632\" data-block-id=\"cdd0632\"><div class=\"stk-block-icon-list-item__content\"><span class=\"stk--svg-wrapper\"><div class=\"stk--inner-svg\"><svg aria-hidden=\"true\" width=\"32\" height=\"32\"><use xlink:href=\"#stk-icon-list__icon-svg-def-3de0e00\"><\/use><\/svg><\/div><\/span><span class=\"stk-block-icon-list-item__text\">Keine zus\u00e4tzlichen Tags oder Labels auf der Palette n\u00f6tig<\/span><\/div><\/li>\n<\/ul><\/div><\/div>\n<\/div><\/div><\/div>\n\n\n\n<div class=\"wp-block-stackable-column stk-block-column stk-column stk-block stk-4e405a4\" data-v=\"4\" data-block-id=\"4e405a4\"><style>.stk-4e405a4{align-self:center !important}<\/style><div class=\"stk-column-wrapper stk-block-column__content stk-container stk-4e405a4-container stk--no-background stk--no-padding\"><div class=\"stk-block-content stk-inner-blocks stk-4e405a4-inner-blocks\">\n<div class=\"wp-block-stackable-image stk-block-image stk-block stk-43fe2c0\" data-block-id=\"43fe2c0\"><figure><span class=\"stk-img-wrapper stk-image--shape-stretch\"><img loading=\"lazy\" decoding=\"async\" class=\"stk-img wp-image-2453\" src=\"https:\/\/www.logivations.com\/wp-content\/uploads\/2023\/11\/img_05.jpg\" width=\"2243\" height=\"1263\" alt=\"Automatische Verbuchung von Warenbewegungen\" srcset=\"https:\/\/logivations.com\/wp-content\/uploads\/2023\/11\/img_05.jpg 2243w, https:\/\/logivations.com\/wp-content\/uploads\/2023\/11\/img_05-300x169.jpg 300w, https:\/\/logivations.com\/wp-content\/uploads\/2023\/11\/img_05-1024x577.jpg 1024w, https:\/\/logivations.com\/wp-content\/uploads\/2023\/11\/img_05-768x432.jpg 768w, https:\/\/logivations.com\/wp-content\/uploads\/2023\/11\/img_05-1536x865.jpg 1536w, https:\/\/logivations.com\/wp-content\/uploads\/2023\/11\/img_05-2048x1153.jpg 2048w, https:\/\/logivations.com\/wp-content\/uploads\/2023\/11\/img_05-18x10.jpg 18w\" sizes=\"auto, (max-width: 2243px) 100vw, 2243px\" \/><\/span><\/figure><\/div>\n<\/div><\/div><\/div>\n<\/div><\/div><\/div>\n\n\n\n<p>Verfolgen Sie die Bewegung Ihrer Paletten durch den gesamten Prozess mit nur einer einzigen Identifikation! Sobald eine Palette eindeutig identifiziert wurde, z.B. im Wareneingang, k\u00f6nnen wir ihre Bewegungen verfolgen, solange sie sich in einem von unseren Identifikationseinheiten abgedeckten Bereich befindet. Die Ein- und Auslagerung wird sowohl f\u00fcr Boden- als auch f\u00fcr Regallager unterst\u00fctzt. Zus\u00e4tzliche Tags oder Etiketten sind nicht erforderlich. <\/p>\n\n\n\n<p>Unsere Erkennungseinheiten erkennen die aktuelle Position des Staplers und seine Beladungssituation und erm\u00f6glichen so eine automatische Buchung des Palettentransports. Wird eine Palette auf einen Bodenplatz abgesetzt, wird dies mit Hilfe des Digitalen Zwillings, in dem alle Lagerpl\u00e4tze modelliert sind, erfasst. Erfolgt die Einlagerung in ein Regal, wird anhand der von den Kameras erkannten Gabelh\u00f6he der genaue Lagerplatz ermittelt. So erhalten Sie eine l\u00fcckenlose R\u00fcckverfolgbarkeit der Palettenbewegungen. <\/p>\n\n\n\n<p>Diese Informationen k\u00f6nnen auch automatisch an Ihr WMS-System \u00fcbermittelt werden. Als SAP Application Development Partner k\u00f6nnen wir eine Standardschnittstelle zu SAP anbieten. F\u00fcr andere WMS-Systeme implementieren wir Schnittstellen \u00fcber eine Datenbankanbindung oder RestfulAPI-Requests. <\/p>\n\n\n\n<div class=\"wp-block-stackable-feature stk-block-feature stk-block stk-10fb476 stk-block-background is-style-default\" data-v=\"2\" data-block-id=\"10fb476\"><style>.stk-10fb476{border-top-left-radius:0px !important;border-top-right-radius:0px !important;border-bottom-right-radius:0px !important;border-bottom-left-radius:0px !important;overflow:hidden !important;box-shadow:none !important}<\/style><div class=\"stk-content-align stk-10fb476-column stk-container stk-10fb476-container stk--no-background stk--no-padding\"><div class=\"stk-inner-blocks stk-block-content stk-row\">\n<div class=\"wp-block-stackable-column stk-block-column stk-column stk-block stk-76a400f\" data-v=\"4\" data-block-id=\"76a400f\"><style>.stk-76a400f{align-self:center !important}@media screen and (min-width:690px){.stk-76a400f{flex:var(--stk-flex-grow,1) 1 calc(68.8% - var(--stk-column-gap,0px) * 1 \/ 2 ) !important}}<\/style><div class=\"stk-column-wrapper stk-block-column__content stk-container stk-76a400f-container stk--no-background stk--no-padding\"><div class=\"stk-block-content stk-inner-blocks stk-76a400f-inner-blocks\">\n<div class=\"wp-block-stackable-heading stk-block-heading stk-block-heading--v2 stk-block stk-2c9718f\" id=\"pallet-identification\" data-block-id=\"2c9718f\"><h2 class=\"stk-block-heading__text\">Palettenidentifikation<\/h2><\/div>\n\n\n\n<div class=\"wp-block-stackable-icon-list stk-block-icon-list stk-block stk-1a95379\" data-block-id=\"1a95379\"><style>.stk-1a95379 .stk-block-icon-list-item__content{gap:4px !important;align-items:baseline !important}.stk-1a95379{--stk-icon-height:7.75px !important}<\/style><svg style=\"display:none\"><defs><g id=\"stk-icon-list__icon-svg-def-1a95379\"><svg xmlns=\"http:\/\/www.w3.org\/2000\/svg\" viewbox=\"0 0 190 190\"><polygon points=\"173.8,28.4 60.4,141.8 15.7,97.2 5.1,107.8 60.4,163 184.4,39 173.8,28.4\"\/><\/svg><\/g><\/defs><\/svg><div class=\"stk-block-icon-list__ul stk-block-icon-list--column\"><ul class=\"stk-block-icon-list__group\">\n<li class=\"wp-block-stackable-icon-list-item stk-block-icon-list-item stk-block stk-1bd4d27\" data-block-id=\"1bd4d27\"><div class=\"stk-block-icon-list-item__content\"><span class=\"stk--svg-wrapper\"><div class=\"stk--inner-svg\"><svg aria-hidden=\"true\" width=\"32\" height=\"32\"><use xlink:href=\"#stk-icon-list__icon-svg-def-1a95379\"><\/use><\/svg><\/div><\/span><span class=\"stk-block-icon-list-item__text\">Nur eine einzige Palettenidentifikations am Prozessanfang n\u00f6tig<\/span><\/div><\/li>\n\n\n\n<li class=\"wp-block-stackable-icon-list-item stk-block-icon-list-item stk-block stk-cfe5ad4\" data-block-id=\"cfe5ad4\"><div class=\"stk-block-icon-list-item__content\"><span class=\"stk--svg-wrapper\"><div class=\"stk--inner-svg\"><svg aria-hidden=\"true\" width=\"32\" height=\"32\"><use xlink:href=\"#stk-icon-list__icon-svg-def-1a95379\"><\/use><\/svg><\/div><\/span><span class=\"stk-block-icon-list-item__text\">Automatisches Scannen bei der Aufnahme durch einen mit Kameras ausgestatteten Gabelstapler <\/span><\/div><\/li>\n\n\n\n<li class=\"wp-block-stackable-icon-list-item stk-block-icon-list-item stk-block stk-ce6de97\" data-block-id=\"ce6de97\"><div class=\"stk-block-icon-list-item__content\"><span class=\"stk--svg-wrapper\"><div class=\"stk--inner-svg\"><svg aria-hidden=\"true\" width=\"32\" height=\"32\"><use xlink:href=\"#stk-icon-list__icon-svg-def-1a95379\"><\/use><\/svg><\/div><\/span><span class=\"stk-block-icon-list-item__text\">Automatisches Scannen w\u00e4hrend der Durchfahrt eines Identifikationsgates<\/span><\/div><\/li>\n<\/ul><\/div><\/div>\n<\/div><\/div><\/div>\n\n\n\n<div class=\"wp-block-stackable-column stk-block-column stk-column stk-block stk-32a934d\" data-v=\"4\" data-block-id=\"32a934d\"><style>.stk-32a934d{align-self:center !important}@media screen and (min-width:690px){.stk-32a934d{flex:var(--stk-flex-grow,1) 1 calc(31.2% - var(--stk-column-gap,0px) * 1 \/ 2 ) !important}}<\/style><div class=\"stk-column-wrapper stk-block-column__content stk-container stk-32a934d-container stk--no-background stk--no-padding\"><div class=\"stk-block-content stk-inner-blocks stk-32a934d-inner-blocks\">\n<figure class=\"wp-block-image size-full is-resized\"><img loading=\"lazy\" decoding=\"async\" width=\"803\" height=\"728\" src=\"https:\/\/www.logivations.com\/wp-content\/uploads\/2024\/06\/identification-options-3.png\" alt=\"Palettenidentifikation\" class=\"wp-image-4731\" style=\"width:auto;height:300px\" srcset=\"https:\/\/logivations.com\/wp-content\/uploads\/2024\/06\/identification-options-3.png 803w, https:\/\/logivations.com\/wp-content\/uploads\/2024\/06\/identification-options-3-300x272.png 300w, https:\/\/logivations.com\/wp-content\/uploads\/2024\/06\/identification-options-3-768x696.png 768w, https:\/\/logivations.com\/wp-content\/uploads\/2024\/06\/identification-options-3-13x12.png 13w\" sizes=\"auto, (max-width: 803px) 100vw, 803px\" \/><\/figure>\n<\/div><\/div><\/div>\n<\/div><\/div><\/div>\n\n\n\n<p>F\u00fcr die Warenverfolgung ist eine eindeutige Identifizierung der Palette anhand ihres Etiketts erforderlich. Dazu bieten wir zwei M\u00f6glichkeiten an. Zum einen erm\u00f6glichen unsere L\u00f6sungen f\u00fcr <a href=\"https:\/\/logivations.com\/de\/solutions\/goods-recognition\/forklift-onboard-camera\/\" data-type=\"page\" data-id=\"4584\">Stapler Onboard Kameras<\/a> einen automatischen Scan w\u00e4hren der Aufnahme der Palette f\u00fcr Paletten, mit Etiketten auf der Fahrerseite. F\u00fcr Etiketten an den Au\u00dfenseiten bieten wir <a href=\"https:\/\/logivations.com\/de\/solutions\/goods-recognition\/identification-gate\/\" data-type=\"page\" data-id=\"4565\">Identifikationsgates<\/a> an. Alternativ kann, wenn die Paletten von einer F\u00f6rderanlage angeliefert werden, eine Schnittstelle zur F\u00f6rdertechnik als Identifikation dienen.<\/p>\n\n\n\n<p>Alle diese Optionen erm\u00f6glichen eine eindeutige Identifizierung der Palette f\u00fcr die Warenverfolgung. Nach erfolgreicher Identifizierung ist die Palette dem RTL&amp;RS bekannt und alle weiteren Bewegungen werden erfasst.<\/p>\n\n\n\n<div class=\"wp-block-stackable-feature stk-block-feature stk-block stk-591415e stk-block-background is-style-default\" data-v=\"2\" data-block-id=\"591415e\"><style>.stk-591415e{border-top-left-radius:0px !important;border-top-right-radius:0px !important;border-bottom-right-radius:0px !important;border-bottom-left-radius:0px !important;overflow:hidden !important;box-shadow:none !important}<\/style><div class=\"stk-content-align stk-591415e-column stk-container stk-591415e-container stk--no-background stk--no-padding\"><div class=\"stk-inner-blocks stk-block-content stk-row\">\n<div class=\"wp-block-stackable-column stk-block-column stk-column stk-block stk-6038918\" data-v=\"4\" data-block-id=\"6038918\"><style>.stk-6038918{align-self:center !important}<\/style><div class=\"stk-column-wrapper stk-block-column__content stk-container stk-6038918-container stk--no-background stk--no-padding\"><div class=\"stk-block-content stk-inner-blocks stk-6038918-inner-blocks\">\n<div class=\"wp-block-stackable-heading stk-block-heading stk-block-heading--v2 stk-block stk-cf18512\" id=\"keep-track-of-your-pallet-positions\" data-block-id=\"cf18512\"><h2 class=\"stk-block-heading__text\">Behalten Sie den \u00dcberblick \u00fcber Ihre Palettenpositionen<\/h2><\/div>\n\n\n\n<div class=\"wp-block-stackable-icon-list stk-block-icon-list stk-block stk-7314f00\" data-block-id=\"7314f00\"><style>.stk-7314f00 .stk-block-icon-list-item__content{gap:4px !important;align-items:baseline !important}.stk-7314f00{--stk-icon-height:7.75px !important}<\/style><svg style=\"display:none\"><defs><g id=\"stk-icon-list__icon-svg-def-7314f00\"><svg xmlns=\"http:\/\/www.w3.org\/2000\/svg\" viewbox=\"0 0 190 190\"><polygon points=\"173.8,28.4 60.4,141.8 15.7,97.2 5.1,107.8 60.4,163 184.4,39 173.8,28.4\"\/><\/svg><\/g><\/defs><\/svg><div class=\"stk-block-icon-list__ul stk-block-icon-list--column\"><ul class=\"stk-block-icon-list__group\">\n<li class=\"wp-block-stackable-icon-list-item stk-block-icon-list-item stk-block stk-106e3ca\" data-block-id=\"106e3ca\"><div class=\"stk-block-icon-list-item__content\"><span class=\"stk--svg-wrapper\"><div class=\"stk--inner-svg\"><svg aria-hidden=\"true\" width=\"32\" height=\"32\"><use xlink:href=\"#stk-icon-list__icon-svg-def-7314f00\"><\/use><\/svg><\/div><\/span><span class=\"stk-block-icon-list-item__text\">Position jeder einzelnen Palette ist jederzeit bekannt<\/span><\/div><\/li>\n\n\n\n<li class=\"wp-block-stackable-icon-list-item stk-block-icon-list-item stk-block stk-2314330\" data-block-id=\"2314330\"><div class=\"stk-block-icon-list-item__content\"><span class=\"stk--svg-wrapper\"><div class=\"stk--inner-svg\"><svg aria-hidden=\"true\" width=\"32\" height=\"32\"><use xlink:href=\"#stk-icon-list__icon-svg-def-7314f00\"><\/use><\/svg><\/div><\/span><span class=\"stk-block-icon-list-item__text\">Leicht zu bedienendes Interface f\u00fcr die Suche <\/span><\/div><\/li>\n\n\n\n<li class=\"wp-block-stackable-icon-list-item stk-block-icon-list-item stk-block stk-0e838c3\" data-block-id=\"0e838c3\"><div class=\"stk-block-icon-list-item__content\"><span class=\"stk--svg-wrapper\"><div class=\"stk--inner-svg\"><svg aria-hidden=\"true\" width=\"32\" height=\"32\"><use xlink:href=\"#stk-icon-list__icon-svg-def-7314f00\"><\/use><\/svg><\/div><\/span><span class=\"stk-block-icon-list-item__text\">Palettenpositionen werden im 3D angezeigt <\/span><\/div><\/li>\n<\/ul><\/div><\/div>\n<\/div><\/div><\/div>\n\n\n\n<div class=\"wp-block-stackable-column stk-block-column stk-column stk-block stk-0f77317\" data-v=\"4\" data-block-id=\"0f77317\"><style>.stk-0f77317{align-self:center !important}<\/style><div class=\"stk-column-wrapper stk-block-column__content stk-container stk-0f77317-container stk--no-background stk--no-padding\"><div class=\"stk-block-content stk-inner-blocks stk-0f77317-inner-blocks\">\n<figure class=\"wp-block-image size-large\"><img loading=\"lazy\" decoding=\"async\" width=\"1024\" height=\"574\" src=\"https:\/\/www.logivations.com\/wp-content\/uploads\/2024\/06\/image-9-1024x574.png\" alt=\"Behalten Sie den \u00dcberblick \u00fcber Ihre Palettenpositionen\" class=\"wp-image-4428\" srcset=\"https:\/\/logivations.com\/wp-content\/uploads\/2024\/06\/image-9-1024x574.png 1024w, https:\/\/logivations.com\/wp-content\/uploads\/2024\/06\/image-9-300x168.png 300w, https:\/\/logivations.com\/wp-content\/uploads\/2024\/06\/image-9-768x431.png 768w, https:\/\/logivations.com\/wp-content\/uploads\/2024\/06\/image-9-18x10.png 18w, https:\/\/logivations.com\/wp-content\/uploads\/2024\/06\/image-9.png 1521w\" sizes=\"auto, (max-width: 1024px) 100vw, 1024px\" \/><\/figure>\n<\/div><\/div><\/div>\n<\/div><\/div><\/div>\n\n\n\n<p>Die Paletten werden bei allen Bewegungen verfolgt, so dass ihre genaue Position immer bekannt ist. Suchen Sie in der benutzerfreundlichen Oberfl\u00e4che nach einer Paletten-ID, und die genaue Position der Palette wird in der 3D-Ansicht des Digitalen Zwillings angezeigt. <\/p>\n\n\n\n<div class=\"wp-block-stackable-columns alignfull stk-block-columns stk-block stk-b5cde0d stk-block-background stk--has-background-overlay\" data-block-id=\"b5cde0d\"><style>.stk-b5cde0d{background-color:#f9f9f9 !important;background-image:url(https:\/\/www.logivations.com\/wp-content\/uploads\/2023\/11\/solutions-image-01.jpg) !important;padding-top:96px !important;padding-bottom:15px !important;margin-top:30px !important;margin-bottom:10px !important}.stk-b5cde0d:before{background-color:#f9f9f9 !important;opacity:0.8 !important}.stk-b5cde0d-column{--stk-columns-spacing:14px !important;--stk-column-gap:10px !important}<\/style><div class=\"stk-row stk-inner-blocks has-text-align-center stk-block-content stk-content-align stk-b5cde0d-column alignfull\">\n<div class=\"wp-block-stackable-column stk-block-column stk-column stk-block stk-166186d\" data-v=\"4\" data-block-id=\"166186d\"><div class=\"stk-column-wrapper stk-block-column__content stk-container stk-166186d-container stk--no-background stk--no-padding\"><div class=\"stk-block-content stk-inner-blocks stk-166186d-inner-blocks\">\n<div class=\"wp-block-stackable-text stk-block-text stk-block stk-c4af4c6\" data-block-id=\"c4af4c6\"><style>.stk-c4af4c6{margin-bottom:1px !important}<\/style><p class=\"stk-block-text__text has-text-align-center\"><span style=\"color: var(--theme-palette-color-3, #3A4F66);\" class=\"stk-highlight\">INFORMIEREN SIE SICH AUCH \u00dcBER<\/span><\/p><\/div>\n\n\n\n<div class=\"wp-block-stackable-heading stk-block-heading stk-block-heading--v2 stk-block stk-2903aee\" id=\"a-href-press-news-data-type-link-data-id-https-www-logivations-com-en-solutions-lno-supply-network-planning-php-a-a-href-navigation-autonomous-mobile-robots-span-style-color-var-palette-color-3-3-a-4-f-66-class-stk-highlight-ai-guided-autonomous-mobile-robots-span-a\" data-block-id=\"2903aee\"><style>.stk-2903aee .stk-block-heading__text{color:var(--theme-palette-color-8,#ffffff) !important}<\/style><h4 class=\"stk-block-heading__text has-text-color has-text-align-center\"><a href=\"https:\/\/logivations.com\/de\/solutions\/visual-identification-and-localization-camera-rtls\/worker-safety\/\">Arbeitssicherheit<\/a><\/h4><\/div>\n<\/div><\/div><\/div>\n<\/div><\/div>","protected":false},"excerpt":{"rendered":"<p>Goods Tracking Tracking of goods and forklift based on AI object recognition and the W2MO Digital Twin Automatic recording of goods movements Track your pallet movement throughout your whole operation with one single identification! Once a pallet has been uniquely identified, for example during goods receiving, we can follow its movement as long as it [&hellip;]<\/p>","protected":false},"author":1,"featured_media":0,"parent":3549,"menu_order":2,"comment_status":"closed","ping_status":"closed","template":"","meta":{"footnotes":""},"class_list":["post-4416","page","type-page","status-publish","hentry"],"blocksy_meta":[],"_links":{"self":[{"href":"https:\/\/logivations.com\/de\/wp-json\/wp\/v2\/pages\/4416","targetHints":{"allow":["GET"]}}],"collection":[{"href":"https:\/\/logivations.com\/de\/wp-json\/wp\/v2\/pages"}],"about":[{"href":"https:\/\/logivations.com\/de\/wp-json\/wp\/v2\/types\/page"}],"author":[{"embeddable":true,"href":"https:\/\/logivations.com\/de\/wp-json\/wp\/v2\/users\/1"}],"replies":[{"embeddable":true,"href":"https:\/\/logivations.com\/de\/wp-json\/wp\/v2\/comments?post=4416"}],"version-history":[{"count":24,"href":"https:\/\/logivations.com\/de\/wp-json\/wp\/v2\/pages\/4416\/revisions"}],"predecessor-version":[{"id":6437,"href":"https:\/\/logivations.com\/de\/wp-json\/wp\/v2\/pages\/4416\/revisions\/6437"}],"up":[{"embeddable":true,"href":"https:\/\/logivations.com\/de\/wp-json\/wp\/v2\/pages\/3549"}],"wp:attachment":[{"href":"https:\/\/logivations.com\/de\/wp-json\/wp\/v2\/media?parent=4416"}],"curies":[{"name":"wp","href":"https:\/\/api.w.org\/{rel}","templated":true}]}}