{"id":2591,"date":"2023-11-28T14:51:09","date_gmt":"2023-11-28T14:51:09","guid":{"rendered":"http:\/\/18.159.134.110\/?page_id=2591"},"modified":"2024-08-22T16:15:13","modified_gmt":"2024-08-22T16:15:13","slug":"online-calculators","status":"publish","type":"page","link":"https:\/\/logivations.com\/de\/online-calculators\/","title":{"rendered":"Online-Kalkulator"},"content":{"rendered":"<div class=\"wp-block-stackable-columns alignfull stk-block-columns stk-block stk-51b2b12 stk-block-background stk--has-background-overlay\" data-block-id=\"51b2b12\"><style>.stk-51b2b12 .stk--block-align-51b2b12{align-items:center !important}.stk-51b2b12{background-image:url(https:\/\/www.logivations.com\/wp-content\/uploads\/2024\/06\/warehouse-light_lg-1-e1724343229204.webp) !important;background-position:bottom center !important;background-repeat:no-repeat !important;background-size:cover !important;padding-top:280px !important;padding-bottom:63px !important;margin-top:-135px !important}.stk-51b2b12:before{background-color:#000000 !important;opacity:0.6 !important}.stk-51b2b12-column{--stk-column-gap:35px !important;row-gap:35px !important}@media screen and (max-width:999px){.stk-51b2b12{padding-top:250px !important;padding-bottom:150px !important}}@media screen and (max-width:689px){.stk-51b2b12{padding-top:186px !important;padding-bottom:100px !important;margin-top:-90px !important}}<\/style><div class=\"stk-row stk-inner-blocks stk--block-align-51b2b12 stk-block-content stk-content-align stk-51b2b12-column\">\n<div class=\"wp-block-stackable-column stk-block-column stk-column stk-block stk-3a43e6b\" data-v=\"4\" data-block-id=\"3a43e6b\"><style>.stk-3a43e6b-container{margin-top:0px !important;margin-right:0px !important;margin-bottom:0px !important;margin-left:0px !important}@media screen and (min-width:690px){.stk-3a43e6b{flex:var(--stk-flex-grow,1) 1 calc(96.8% - var(--stk-column-gap,0px) * 1 \/ 2 ) !important}}@media screen and (min-width:690px) and (max-width:999px){.stk-3a43e6b{flex:var(--stk-flex-grow,1) 1 calc(55% - var(--stk-column-gap,0px) * 1 \/ 2 ) !important}}<\/style><div class=\"stk-column-wrapper stk-block-column__content stk-container stk-3a43e6b-container stk--no-background stk--no-padding\"><div class=\"has-text-align-center-mobile stk-block-content stk-inner-blocks stk-3a43e6b-inner-blocks\">\n<h2 class=\"wp-block-heading\"><span style=\"color: var(--theme-palette-color-8, #ffffff);\" class=\"stk-highlight\"><\/span><\/h2>\n\n\n\n<div class=\"wp-block-stackable-heading stk-block-heading stk-block-heading--v2 stk-block stk-7225c59\" id=\"online-calculators\" data-block-id=\"7225c59\"><style>.stk-7225c59{margin-bottom:10px !important}.stk-7225c59 .stk-block-heading__text{font-size:55px !important;color:var(--theme-palette-color-8,#ffffff) !important}@media screen and (max-width:999px){.stk-7225c59 .stk-block-heading__text{font-size:40px !important}}@media screen and (max-width:689px){.stk-7225c59 .stk-block-heading__text{font-size:30px !important}}<\/style><h1 class=\"stk-block-heading__text has-text-color\">Online ROI Rechner<\/h1><\/div>\n\n\n\n<div class=\"wp-block-stackable-text stk-block-text stk-block stk-81505a5\" data-block-id=\"81505a5\"><style>.stk-81505a5 .stk-block-text__text{font-size:19px !important;color:var(--theme-palette-color-8,#ffffff) !important}@media screen and (max-width:999px){.stk-81505a5 .stk-block-text__text{font-size:19px !important}}<\/style><p class=\"stk-block-text__text has-text-color\"><\/p><\/div>\n<\/div><\/div><\/div>\n\n\n\n<div class=\"wp-block-stackable-column stk-block-column stk-column stk-block stk-0e2597c\" data-v=\"4\" data-block-id=\"0e2597c\"><style>.stk-0e2597c-container{margin-top:0px !important;margin-right:0px !important;margin-bottom:0px !important;margin-left:0px !important}@media screen and (min-width:690px){.stk-0e2597c{flex:var(--stk-flex-grow,1) 1 calc(3.2% - var(--stk-column-gap,0px) * 1 \/ 2 ) !important}}@media screen and (min-width:690px) and (max-width:999px){.stk-0e2597c{flex:var(--stk-flex-grow,1) 1 calc(45% - var(--stk-column-gap,0px) * 1 \/ 2 ) !important}}<\/style><div class=\"stk-column-wrapper stk-block-column__content stk-container stk-0e2597c-container stk--no-background stk--no-padding\"><div class=\"stk-block-content stk-inner-blocks stk-0e2597c-inner-blocks\"><\/div><\/div><\/div>\n<\/div><\/div>\n\n\n\n<p>Unsere Online ROI Rechner erm\u00f6glichen eine schnelle Analyse m\u00f6glicher Rationalisierungspotenziale. Mit wenigen Klicks und Eingaben wird eine Gr\u00f6\u00dfenordnung der Einsparungen berechnet.<\/p>\n\n\n\n<p><strong>Der Online ROI Rechner f\u00fcr den Einsatz von KI Real Time Location &amp; Recognition \/ automatische Verbuchung und KI-navigierten autonomen Transportrobotern<\/strong>&nbsp;zeigt wie sich Transporte in staplerbedienten L\u00e4gern in 3 Schritten vollst\u00e4ndig automatisieren lassen und welche Pay Back-Perioden zu erwarten sind.<\/p>\n\n\n\n<p><strong>Der Online ROI Rechner f\u00fcr den Einsatz von Optimierungsalgorithmen<\/strong>&nbsp;bestimmt statistische Erfahrungswerte \u00fcber Optimierungspotentiale, die mit unseren intelligenten Algorithmen erzielbar sind, z. B. f\u00fcr Slotting oder Tour Building. Algorithmen erlauben i. a. erhebliche Verbesserungen ohne dass \u00c4nderungen an der Lagertechnik erforderlich sind.<\/p>\n\n\n\n<div class=\"wp-block-stackable-columns stk-block-columns stk-block stk-bc9bf4e\" data-block-id=\"bc9bf4e\"><div class=\"stk-row stk-inner-blocks stk-block-content stk-content-align stk-bc9bf4e-column\">\n<div class=\"wp-block-stackable-column stk-block-column stk-column stk-block stk-6ab8eb0\" data-v=\"4\" data-block-id=\"6ab8eb0\"><style>.stk-6ab8eb0{margin-right:10px !important}<\/style><div class=\"stk-column-wrapper stk-block-column__content stk-container stk-6ab8eb0-container stk--no-background stk--no-padding\"><div class=\"stk-block-content stk-inner-blocks stk-6ab8eb0-inner-blocks\">\n<figure class=\"wp-block-image size-large\"><img loading=\"lazy\" decoding=\"async\" width=\"1024\" height=\"526\" src=\"https:\/\/www.logivations.com\/wp-content\/uploads\/2024\/04\/AMR_PR-8-1024x526.jpg\" alt=\"\" class=\"wp-image-4108\" srcset=\"https:\/\/logivations.com\/wp-content\/uploads\/2024\/04\/AMR_PR-8-1024x526.jpg 1024w, https:\/\/logivations.com\/wp-content\/uploads\/2024\/04\/AMR_PR-8-300x154.jpg 300w, https:\/\/logivations.com\/wp-content\/uploads\/2024\/04\/AMR_PR-8-768x395.jpg 768w, https:\/\/logivations.com\/wp-content\/uploads\/2024\/04\/AMR_PR-8-1536x789.jpg 1536w, https:\/\/logivations.com\/wp-content\/uploads\/2024\/04\/AMR_PR-8-2048x1052.jpg 2048w, https:\/\/logivations.com\/wp-content\/uploads\/2024\/04\/AMR_PR-8-18x9.jpg 18w\" sizes=\"auto, (max-width: 1024px) 100vw, 1024px\" \/><\/figure>\n\n\n\n<div class=\"wp-block-stackable-columns stk-block-columns stk-block stk-59009c4\" data-block-id=\"59009c4\"><div class=\"stk-row stk-inner-blocks stk-block-content stk-content-align stk-59009c4-column\">\n<div class=\"wp-block-stackable-column stk-block-column stk-column stk-block stk-b8cdb32 stk-block-background\" data-v=\"4\" data-block-id=\"b8cdb32\"><style>.stk-b8cdb32{background-color:var(--theme-palette-color-7,#FAFBFC) !important;box-shadow:7px 5px 30px #48497927 !important;border-style:solid !important;border-color:var(--theme-palette-color-5,#e1e8ed) !important;margin-top:-65px !important;margin-right:50px !important;margin-bottom:20px !important;margin-left:70px !important}.stk-b8cdb32:before{background-color:var(--theme-palette-color-7,#FAFBFC) !important}<\/style><div class=\"stk-column-wrapper stk-block-column__content stk-container stk-b8cdb32-container stk--no-background stk--no-padding\"><div class=\"stk-block-content stk-inner-blocks stk-b8cdb32-inner-blocks\">\n<h6 class=\"wp-block-heading has-text-align-center has-black-color has-text-color has-link-color wp-elements-0e4152b52967f3bdb6078fe4f76dc6e7\" style=\"margin-top:0;margin-right:0;margin-bottom:0;margin-left:0\"><a href=\"https:\/\/forms.logivations.com\/de\/warehouse-calculator.php\" data-type=\"link\" data-id=\"https:\/\/www.logivations.com\/686-2\/\" target=\"_blank\" rel=\"noreferrer noopener\"><span style=\"color: #192a3d;\" class=\"stk-highlight\">ONLINE ROI RECHNER F\u00dcR AUTONOME<\/span><\/a><\/h6>\n\n\n\n<h6 class=\"wp-block-heading has-text-align-center has-black-color has-text-color has-link-color wp-elements-c40cb5b4e5419d54c091b128e088fcc4\" style=\"margin-top:0;margin-right:0;margin-bottom:0;margin-left:0\"><a href=\"https:\/\/forms.logivations.com\/de\/warehouse-calculator.php\" data-type=\"link\" data-id=\"https:\/\/www.logivations.com\/686-2\/\" target=\"_blank\" rel=\"noreferrer noopener\"><span style=\"color: #192a3d;\" class=\"stk-highlight\">TRANSPORTROBOTER UND REAL TIME<br>LOCATION &amp; RECOGNITION<\/span><\/a><\/h6>\n<\/div><\/div><\/div>\n<\/div><\/div>\n<\/div><\/div><\/div>\n\n\n\n<div class=\"wp-block-stackable-column stk-block-column stk-column stk-block stk-534d7c3\" data-v=\"4\" data-block-id=\"534d7c3\"><style>.stk-534d7c3{margin-left:10px !important}<\/style><div class=\"stk-column-wrapper stk-block-column__content stk-container stk-534d7c3-container stk--no-background stk--no-padding\"><div class=\"stk-block-content stk-inner-blocks stk-534d7c3-inner-blocks\">\n<figure class=\"wp-block-image size-large\"><img loading=\"lazy\" decoding=\"async\" width=\"1024\" height=\"526\" src=\"https:\/\/www.logivations.com\/wp-content\/uploads\/2023\/11\/digital_days-1024x526.jpg\" alt=\"\" class=\"wp-image-1304\" srcset=\"https:\/\/logivations.com\/wp-content\/uploads\/2023\/11\/digital_days-1024x526.jpg 1024w, https:\/\/logivations.com\/wp-content\/uploads\/2023\/11\/digital_days-300x154.jpg 300w, https:\/\/logivations.com\/wp-content\/uploads\/2023\/11\/digital_days-768x395.jpg 768w, https:\/\/logivations.com\/wp-content\/uploads\/2023\/11\/digital_days-1536x789.jpg 1536w, https:\/\/logivations.com\/wp-content\/uploads\/2023\/11\/digital_days-2048x1052.jpg 2048w, https:\/\/logivations.com\/wp-content\/uploads\/2023\/11\/digital_days-18x9.jpg 18w\" sizes=\"auto, (max-width: 1024px) 100vw, 1024px\" \/><\/figure>\n\n\n\n<div class=\"wp-block-stackable-columns stk-block-columns stk-block stk-3b7f295\" data-block-id=\"3b7f295\"><div class=\"stk-row stk-inner-blocks stk-block-content stk-content-align stk-3b7f295-column\">\n<div class=\"wp-block-stackable-column stk-block-column stk-column stk-block stk-d8f52e4 stk-block-background\" data-v=\"4\" data-block-id=\"d8f52e4\"><style>.stk-d8f52e4{background-color:var(--theme-palette-color-7,#FAFBFC) !important;box-shadow:7px 5px 30px #48497927 !important;border-style:solid !important;border-color:var(--theme-palette-color-5,#e1e8ed) !important;margin-top:-65px !important;margin-right:50px !important;margin-bottom:20px !important;margin-left:50px !important}.stk-d8f52e4:before{background-color:var(--theme-palette-color-7,#FAFBFC) !important}<\/style><div class=\"stk-column-wrapper stk-block-column__content stk-container stk-d8f52e4-container stk--no-background stk--no-padding\"><div class=\"stk-block-content stk-inner-blocks stk-d8f52e4-inner-blocks\">\n<h6 class=\"wp-block-heading has-text-align-center has-black-color has-text-color has-link-color wp-elements-692d76cf238d19e7d97c84aa3826ed18\" style=\"margin-top:0;margin-right:0;margin-bottom:0;margin-left:0\"><a href=\"https:\/\/forms.logivations.com\/de\/warehouse-savings.php\" data-type=\"link\" data-id=\"https:\/\/www.logivations.com\/686-2\/\" target=\"_blank\" rel=\"noreferrer noopener\"><span style=\"color: #192a3d;\" class=\"stk-highlight\">ONLINE ROI RECHNER<\/span><\/a><\/h6>\n\n\n\n<h6 class=\"wp-block-heading has-text-align-center has-black-color has-text-color has-link-color wp-elements-c3dd061d18ced3239e5951d87bee1572\" style=\"margin-top:0;margin-right:0;margin-bottom:0;margin-left:0\"><a href=\"https:\/\/forms.logivations.com\/de\/warehouse-savings.php\" data-type=\"link\" data-id=\"https:\/\/www.logivations.com\/686-2\/\" target=\"_blank\" rel=\"noreferrer noopener\"><span style=\"color: #192a3d;\" class=\"stk-highlight\">F\u00dcR OPTIMIERUNGS-<br>ALGORITHMEN<\/span><\/a><\/h6>\n<\/div><\/div><\/div>\n<\/div><\/div>\n<\/div><\/div><\/div>\n<\/div><\/div>","protected":false},"excerpt":{"rendered":"<p>Online Calculators Our online calculators were created to provide an instant analysis about possible savings and ideas for warehouse improvements without time-consuming checks and considerable efforts. Warehouse \/ Distribution Center Calculator&nbsp;serves as a general overview of the opportunities to automate your warehouse using AI systems in 3 steps, with a detailed report for each scenario. [&hellip;]<\/p>","protected":false},"author":1,"featured_media":0,"parent":0,"menu_order":0,"comment_status":"closed","ping_status":"closed","template":"","meta":{"footnotes":""},"class_list":["post-2591","page","type-page","status-publish","hentry"],"blocksy_meta":[],"_links":{"self":[{"href":"https:\/\/logivations.com\/de\/wp-json\/wp\/v2\/pages\/2591","targetHints":{"allow":["GET"]}}],"collection":[{"href":"https:\/\/logivations.com\/de\/wp-json\/wp\/v2\/pages"}],"about":[{"href":"https:\/\/logivations.com\/de\/wp-json\/wp\/v2\/types\/page"}],"author":[{"embeddable":true,"href":"https:\/\/logivations.com\/de\/wp-json\/wp\/v2\/users\/1"}],"replies":[{"embeddable":true,"href":"https:\/\/logivations.com\/de\/wp-json\/wp\/v2\/comments?post=2591"}],"version-history":[{"count":32,"href":"https:\/\/logivations.com\/de\/wp-json\/wp\/v2\/pages\/2591\/revisions"}],"predecessor-version":[{"id":6644,"href":"https:\/\/logivations.com\/de\/wp-json\/wp\/v2\/pages\/2591\/revisions\/6644"}],"wp:attachment":[{"href":"https:\/\/logivations.com\/de\/wp-json\/wp\/v2\/media?parent=2591"}],"curies":[{"name":"wp","href":"https:\/\/api.w.org\/{rel}","templated":true}]}}