{"id":2139,"date":"2023-11-23T07:45:32","date_gmt":"2023-11-23T07:45:32","guid":{"rendered":"http:\/\/18.159.134.110\/?page_id=2139"},"modified":"2025-05-19T10:05:31","modified_gmt":"2025-05-19T10:05:31","slug":"virtual-projects-digitalization","status":"publish","type":"page","link":"https:\/\/logivations.com\/de\/consulting\/virtual-projects-digitalization\/","title":{"rendered":"Virtuelle Projekte &amp; Digitalisierung"},"content":{"rendered":"<div class=\"wp-block-stackable-columns alignfull stk-block-columns stk-block stk-51b2b12 stk-block-background stk--has-background-overlay\" data-block-id=\"51b2b12\"><style>.stk-51b2b12 .stk--block-align-51b2b12{align-items:center !important}.stk-51b2b12{background-image:url(https:\/\/www.logivations.com\/wp-content\/uploads\/2024\/07\/consultants.jpg) !important;background-position:bottom center !important;background-repeat:no-repeat !important;background-size:cover !important;padding-top:280px !important;padding-bottom:63px !important;margin-top:-135px !important}.stk-51b2b12:before{background-color:#000000 !important;opacity:0.6 !important}.stk-51b2b12-column{--stk-column-gap:35px !important;row-gap:35px !important}@media screen and (max-width:999px){.stk-51b2b12{padding-top:250px !important;padding-bottom:150px !important}}@media screen and (max-width:689px){.stk-51b2b12{padding-top:186px !important;padding-bottom:100px !important;margin-top:-90px !important}}<\/style><div class=\"stk-row stk-inner-blocks stk--block-align-51b2b12 stk-block-content stk-content-align stk-51b2b12-column\">\n<div class=\"wp-block-stackable-column stk-block-column stk-column stk-block stk-3a43e6b\" data-v=\"4\" data-block-id=\"3a43e6b\"><style>.stk-3a43e6b-container{margin-top:0px !important;margin-right:0px !important;margin-bottom:0px !important;margin-left:0px !important}@media screen and (min-width:690px){.stk-3a43e6b{flex:var(--stk-flex-grow,1) 1 calc(96.8% - var(--stk-column-gap,0px) * 1 \/ 2 ) !important}}@media screen and (min-width:690px) and (max-width:999px){.stk-3a43e6b{flex:var(--stk-flex-grow,1) 1 calc(55% - var(--stk-column-gap,0px) * 1 \/ 2 ) !important}}<\/style><div class=\"stk-column-wrapper stk-block-column__content stk-container stk-3a43e6b-container stk--no-background stk--no-padding\"><div class=\"has-text-align-center-mobile stk-block-content stk-inner-blocks stk-3a43e6b-inner-blocks\">\n<h2 class=\"wp-block-heading\"><span style=\"color: var(--theme-palette-color-8, #ffffff);\" class=\"stk-highlight\"><\/span><\/h2>\n\n\n\n<div class=\"wp-block-stackable-heading stk-block-heading stk-block-heading--v2 stk-block stk-7225c59\" id=\"virtual-projects-opportunities-through-digitalization\" data-block-id=\"7225c59\"><style>.stk-7225c59{margin-bottom:10px !important}.stk-7225c59 .stk-block-heading__text{font-size:55px !important;color:var(--theme-palette-color-8,#ffffff) !important}@media screen and (max-width:999px){.stk-7225c59 .stk-block-heading__text{font-size:40px !important}}@media screen and (max-width:689px){.stk-7225c59 .stk-block-heading__text{font-size:30px !important}}<\/style><h1 class=\"stk-block-heading__text has-text-color\">VIRTUELLE PROJEKTE \u2013 CHANCEN DURCH DIGITALISIERUNG<\/h1><\/div>\n\n\n\n<div class=\"wp-block-stackable-text stk-block-text stk-block stk-81505a5\" data-block-id=\"81505a5\"><style>.stk-81505a5 .stk-block-text__text{font-size:19px !important;color:var(--theme-palette-color-8,#ffffff) !important}@media screen and (max-width:999px){.stk-81505a5 .stk-block-text__text{font-size:19px !important}}<\/style><p class=\"stk-block-text__text has-text-color\"><strong><strong>LOGIVATIONS BERATUNGSDIENSTLEISTUNGEN<\/strong><\/strong><\/p><\/div>\n<\/div><\/div><\/div>\n\n\n\n<div class=\"wp-block-stackable-column stk-block-column stk-column stk-block stk-0e2597c\" data-v=\"4\" data-block-id=\"0e2597c\"><style>.stk-0e2597c-container{margin-top:0px !important;margin-right:0px !important;margin-bottom:0px !important;margin-left:0px !important}@media screen and (min-width:690px){.stk-0e2597c{flex:var(--stk-flex-grow,1) 1 calc(3.2% - var(--stk-column-gap,0px) * 1 \/ 2 ) !important}}@media screen and (min-width:690px) and (max-width:999px){.stk-0e2597c{flex:var(--stk-flex-grow,1) 1 calc(45% - var(--stk-column-gap,0px) * 1 \/ 2 ) !important}}<\/style><div class=\"stk-column-wrapper stk-block-column__content stk-container stk-0e2597c-container stk--no-background stk--no-padding\"><div class=\"stk-block-content stk-inner-blocks stk-0e2597c-inner-blocks\"><\/div><\/div><\/div>\n<\/div><\/div>\n\n\n\n<p>Bringen Sie Ihre Logistikprojekte gemeinsam mit uns in die Zukunft \u2013 mithilfe unserer Cloud-basierten Software W2MO erschaffen wir einen digitalen Zwilling ihres Lagers und Ihrer Supply Chain. Angetrieben durch High-End Optimierungsalgorithmen und modernste Technologien wie z.B. k\u00fcnstlicher Intelligenz, planen, simulieren und optimieren wir Ihre Prozesse. Nutzen Sie diesen Sprung in die Digitalisierung und heben Sie die Potentiale Ihrer Logistik! Ob durch gesteigerte Prozessqualit\u00e4t, reduzierte Kosten oder sicherere Investitionen - in Zeiten von Web- und Videokonferenzen k\u00f6nnen Logistikprojekte ohne Probleme vollst\u00e4ndig digitalisiert abgewickelt werden.<\/p>\n\n\n\n<p><strong>Virtuelle Projekte \u2013 auch f\u00fcr die Umwelt ein Plus!<\/strong><\/p>\n\n\n\n<p>Indem Sie Ihr Projekt digitalisiert durchf\u00fchren, vermeiden Sie unn\u00f6tige Auto-, Zug- und Flugreisen. Dadurch k\u00f6nnen Sie Projekte nachhaltiger und klimafreundlicher durchf\u00fchren.<\/p>\n\n\n\n<div class=\"wp-block-stackable-feature stk-block-feature stk-block stk-f390d2d is-style-default\" data-v=\"2\" data-block-id=\"f390d2d\"><div class=\"stk-content-align stk-f390d2d-column stk-container stk-f390d2d-container stk--no-background stk--no-padding\"><div class=\"stk-inner-blocks stk-block-content stk-row\">\n<div class=\"wp-block-stackable-column stk-block-column stk-column stk-block stk-426e020 stk-block-background\" data-v=\"4\" data-block-id=\"426e020\"><style>.stk-426e020{align-self:center !important;background-color:var(--theme-palette-color-7,#FAFBFC) !important;box-shadow:7px 5px 30px #48497927 !important;border-style:solid !important;border-color:var(--theme-palette-color-5,#e1e8ed) !important;padding-top:15px !important;padding-right:15px !important;padding-bottom:15px !important;padding-left:15px !important;margin-right:50px !important;margin-left:50px !important}.stk-426e020:before{background-color:var(--theme-palette-color-7,#FAFBFC) !important}@media screen and (min-width:690px){.stk-426e020{flex:var(--stk-flex-grow,1) 1 calc(50% - var(--stk-column-gap,0px) * 1 \/ 2 ) !important}}<\/style><div class=\"stk-column-wrapper stk-block-column__content stk-container stk-426e020-container stk--no-background stk--no-padding\"><div class=\"stk-block-content stk-inner-blocks stk-426e020-inner-blocks\">\n<p class=\"has-palette-color-7-background-color has-background\"><strong>PERS\u00d6NLICH:<\/strong>&nbsp;Lernen Sie in unseren LIVE Video-Demos unsere Consultants und unsere L\u00f6sungen kennen: bei uns treffen Sie sowohl Technologie als auch die Menschen hinter der Technologie in einer Videokonferenz. Sprechen Sie uns einfach an!<\/p>\n<\/div><\/div><\/div>\n\n\n\n<div class=\"wp-block-stackable-column stk-block-column stk-column stk-block stk-3035957\" data-v=\"4\" data-block-id=\"3035957\"><style>.stk-3035957{align-self:center !important;margin-right:20px !important}@media screen and (min-width:690px){.stk-3035957{flex:var(--stk-flex-grow,1) 1 calc(50% - var(--stk-column-gap,0px) * 1 \/ 2 ) !important}}<\/style><div class=\"stk-column-wrapper stk-block-column__content stk-container stk-3035957-container stk--no-background stk--no-padding\"><div class=\"stk-block-content stk-inner-blocks stk-3035957-inner-blocks\">\n<div class=\"wp-block-stackable-image stk-block-image stk-block stk-7823f9d\" data-block-id=\"7823f9d\"><figure><span class=\"stk-img-wrapper stk-image--shape-stretch\"><img loading=\"lazy\" decoding=\"async\" class=\"stk-img wp-image-2348\" src=\"https:\/\/www.logivations.com\/wp-content\/uploads\/2023\/11\/consulting_1.jpg\" width=\"424\" height=\"283\" srcset=\"https:\/\/logivations.com\/wp-content\/uploads\/2023\/11\/consulting_1.jpg 424w, https:\/\/logivations.com\/wp-content\/uploads\/2023\/11\/consulting_1-300x200.jpg 300w, https:\/\/logivations.com\/wp-content\/uploads\/2023\/11\/consulting_1-18x12.jpg 18w\" sizes=\"auto, (max-width: 424px) 100vw, 424px\" \/><\/span><\/figure><\/div>\n<\/div><\/div><\/div>\n<\/div><\/div><\/div>\n\n\n\n<div class=\"wp-block-stackable-feature stk-block-feature stk-block stk-2ef0ad1 is-style-default\" data-v=\"2\" data-block-id=\"2ef0ad1\"><div class=\"stk-content-align stk-2ef0ad1-column stk-container stk-2ef0ad1-container stk--no-background stk--no-padding\"><div class=\"stk-inner-blocks stk-block-content stk-row\">\n<div class=\"wp-block-stackable-column stk-block-column stk-column stk-block stk-8cef133\" data-v=\"4\" data-block-id=\"8cef133\"><style>.stk-8cef133{align-self:center !important;margin-left:20px !important}@media screen and (min-width:690px){.stk-8cef133{flex:var(--stk-flex-grow,1) 1 calc(50% - var(--stk-column-gap,0px) * 1 \/ 2 ) !important}}<\/style><div class=\"stk-column-wrapper stk-block-column__content stk-container stk-8cef133-container stk--no-background stk--no-padding\"><div class=\"stk-block-content stk-inner-blocks stk-8cef133-inner-blocks\">\n<div class=\"wp-block-stackable-image stk-block-image stk-block stk-0a4c1bc\" data-block-id=\"0a4c1bc\"><figure><span class=\"stk-img-wrapper stk-image--shape-stretch\"><img loading=\"lazy\" decoding=\"async\" class=\"stk-img wp-image-1880\" src=\"https:\/\/www.logivations.com\/wp-content\/uploads\/2023\/11\/warehouse_vision.jpg\" width=\"1920\" height=\"1280\" srcset=\"https:\/\/logivations.com\/wp-content\/uploads\/2023\/11\/warehouse_vision.jpg 1920w, https:\/\/logivations.com\/wp-content\/uploads\/2023\/11\/warehouse_vision-300x200.jpg 300w, https:\/\/logivations.com\/wp-content\/uploads\/2023\/11\/warehouse_vision-1024x683.jpg 1024w, https:\/\/logivations.com\/wp-content\/uploads\/2023\/11\/warehouse_vision-768x512.jpg 768w, https:\/\/logivations.com\/wp-content\/uploads\/2023\/11\/warehouse_vision-1536x1024.jpg 1536w, https:\/\/logivations.com\/wp-content\/uploads\/2023\/11\/warehouse_vision-18x12.jpg 18w\" sizes=\"auto, (max-width: 1920px) 100vw, 1920px\" \/><\/span><\/figure><\/div>\n<\/div><\/div><\/div>\n\n\n\n<div class=\"wp-block-stackable-column stk-block-column stk-column stk-block stk-1a067cb stk-block-background\" data-v=\"4\" data-block-id=\"1a067cb\"><style>.stk-1a067cb{align-self:center !important;background-color:var(--theme-palette-color-7,#FAFBFC) !important;box-shadow:7px 5px 30px #48497927 !important;border-style:solid !important;border-color:var(--theme-palette-color-5,#e1e8ed) !important;padding-top:15px !important;padding-right:15px !important;padding-bottom:15px !important;padding-left:15px !important;margin-right:50px !important;margin-left:50px !important}.stk-1a067cb:before{background-color:var(--theme-palette-color-7,#FAFBFC) !important}@media screen and (min-width:690px){.stk-1a067cb{flex:var(--stk-flex-grow,1) 1 calc(50% - var(--stk-column-gap,0px) * 1 \/ 2 ) !important}}<\/style><div class=\"stk-column-wrapper stk-block-column__content stk-container stk-1a067cb-container stk--no-background stk--no-padding\"><div class=\"stk-block-content stk-inner-blocks stk-1a067cb-inner-blocks\">\n<p><strong>EINFACH:<\/strong>&nbsp;Zeigen Sie uns Ihr Lager im virtuellen Rundgang: ein Smartphone-Video gen\u00fcgt um uns ein Bild Ihres Lagers machen zu k\u00f6nnen \u2013 und gleichzeitig k\u00f6nnen Aufnahmen von Prozessen f\u00fcr Prozessstudien und -Analysen genutzt werden!<\/p>\n<\/div><\/div><\/div>\n<\/div><\/div><\/div>\n\n\n\n<div class=\"wp-block-stackable-feature stk-block-feature stk-block stk-0a6b281 is-style-default\" data-v=\"2\" data-block-id=\"0a6b281\"><div class=\"stk-content-align stk-0a6b281-column stk-container stk-0a6b281-container stk--no-background stk--no-padding\"><div class=\"stk-inner-blocks stk-block-content stk-row\">\n<div class=\"wp-block-stackable-column stk-block-column stk-column stk-block stk-8d86ff8 stk-block-background\" data-v=\"4\" data-block-id=\"8d86ff8\"><style>.stk-8d86ff8{align-self:center !important;background-color:var(--theme-palette-color-7,#FAFBFC) !important;box-shadow:7px 5px 30px #48497927 !important;border-style:solid !important;border-color:var(--theme-palette-color-5,#e1e8ed) !important;padding-top:15px !important;padding-right:15px !important;padding-bottom:15px !important;padding-left:15px !important;margin-right:50px !important;margin-left:50px !important}.stk-8d86ff8:before{background-color:var(--theme-palette-color-7,#FAFBFC) !important}@media screen and (min-width:690px){.stk-8d86ff8{flex:var(--stk-flex-grow,1) 1 calc(50% - var(--stk-column-gap,0px) * 1 \/ 2 ) !important}}<\/style><div class=\"stk-column-wrapper stk-block-column__content stk-container stk-8d86ff8-container stk--no-background stk--no-padding\"><div class=\"stk-block-content stk-inner-blocks stk-8d86ff8-inner-blocks\">\n<p><strong>FLEXIBEL:<\/strong>&nbsp;In flexiblen Meetings, angepasst an Ihre Bed\u00fcrfnisse, behalten Sie jederzeit den \u00dcberblick \u00fcber Ihr Projekt. Durch moderne Videoconferencing-Software und -Hardware f\u00fchlen Sie sich nahezu wie im Face-to-Face Meeting.<\/p>\n<\/div><\/div><\/div>\n\n\n\n<div class=\"wp-block-stackable-column stk-block-column stk-column stk-block stk-6cd18e4\" data-v=\"4\" data-block-id=\"6cd18e4\"><style>.stk-6cd18e4{align-self:center !important;margin-right:20px !important}@media screen and (min-width:690px){.stk-6cd18e4{flex:var(--stk-flex-grow,1) 1 calc(50% - var(--stk-column-gap,0px) * 1 \/ 2 ) !important}}<\/style><div class=\"stk-column-wrapper stk-block-column__content stk-container stk-6cd18e4-container stk--no-background stk--no-padding\"><div class=\"stk-block-content stk-inner-blocks stk-6cd18e4-inner-blocks\">\n<div class=\"wp-block-stackable-image stk-block-image stk-block stk-d7e0880\" data-block-id=\"d7e0880\"><figure><span class=\"stk-img-wrapper stk-image--shape-stretch\"><img loading=\"lazy\" decoding=\"async\" class=\"stk-img wp-image-2354\" src=\"https:\/\/www.logivations.com\/wp-content\/uploads\/2023\/11\/consulting_2-scaled.jpg\" width=\"2560\" height=\"1708\" srcset=\"https:\/\/logivations.com\/wp-content\/uploads\/2023\/11\/consulting_2-scaled.jpg 2560w, https:\/\/logivations.com\/wp-content\/uploads\/2023\/11\/consulting_2-300x200.jpg 300w, https:\/\/logivations.com\/wp-content\/uploads\/2023\/11\/consulting_2-1024x683.jpg 1024w, https:\/\/logivations.com\/wp-content\/uploads\/2023\/11\/consulting_2-768x512.jpg 768w, https:\/\/logivations.com\/wp-content\/uploads\/2023\/11\/consulting_2-1536x1025.jpg 1536w, https:\/\/logivations.com\/wp-content\/uploads\/2023\/11\/consulting_2-2048x1366.jpg 2048w, https:\/\/logivations.com\/wp-content\/uploads\/2023\/11\/consulting_2-18x12.jpg 18w\" sizes=\"auto, (max-width: 2560px) 100vw, 2560px\" \/><\/span><\/figure><\/div>\n<\/div><\/div><\/div>\n<\/div><\/div><\/div>\n\n\n\n<div class=\"wp-block-stackable-feature stk-block-feature stk-block stk-5bb5909 is-style-default\" data-v=\"2\" data-block-id=\"5bb5909\"><div class=\"stk-content-align stk-5bb5909-column stk-container stk-5bb5909-container stk--no-background stk--no-padding\"><div class=\"stk-inner-blocks stk-block-content stk-row\">\n<div class=\"wp-block-stackable-column stk-block-column stk-column stk-block stk-ee33e4f\" data-v=\"4\" data-block-id=\"ee33e4f\"><style>.stk-ee33e4f{align-self:center !important;margin-left:20px !important}@media screen and (min-width:690px){.stk-ee33e4f{flex:var(--stk-flex-grow,1) 1 calc(50% - var(--stk-column-gap,0px) * 1 \/ 2 ) !important}}<\/style><div class=\"stk-column-wrapper stk-block-column__content stk-container stk-ee33e4f-container stk--no-background stk--no-padding\"><div class=\"stk-block-content stk-inner-blocks stk-ee33e4f-inner-blocks\">\n<div class=\"wp-block-stackable-image stk-block-image stk-block stk-f8ec8e6\" data-block-id=\"f8ec8e6\"><figure><span class=\"stk-img-wrapper stk-image--shape-stretch\"><img loading=\"lazy\" decoding=\"async\" class=\"stk-img wp-image-1485\" src=\"https:\/\/www.logivations.com\/wp-content\/uploads\/2023\/11\/lno_digitwin.jpg\" width=\"897\" height=\"718\" srcset=\"https:\/\/logivations.com\/wp-content\/uploads\/2023\/11\/lno_digitwin.jpg 897w, https:\/\/logivations.com\/wp-content\/uploads\/2023\/11\/lno_digitwin-300x240.jpg 300w, https:\/\/logivations.com\/wp-content\/uploads\/2023\/11\/lno_digitwin-768x615.jpg 768w, https:\/\/logivations.com\/wp-content\/uploads\/2023\/11\/lno_digitwin-15x12.jpg 15w\" sizes=\"auto, (max-width: 897px) 100vw, 897px\" \/><\/span><\/figure><\/div>\n<\/div><\/div><\/div>\n\n\n\n<div class=\"wp-block-stackable-column stk-block-column stk-column stk-block stk-19408db stk-block-background\" data-v=\"4\" data-block-id=\"19408db\"><style>.stk-19408db{align-self:center !important;background-color:var(--theme-palette-color-7,#FAFBFC) !important;box-shadow:7px 5px 30px #48497927 !important;border-style:solid !important;border-color:var(--theme-palette-color-5,#e1e8ed) !important;padding-top:15px !important;padding-right:15px !important;padding-bottom:15px !important;padding-left:15px !important;margin-right:50px !important;margin-left:50px !important}.stk-19408db:before{background-color:var(--theme-palette-color-7,#FAFBFC) !important}@media screen and (min-width:690px){.stk-19408db{flex:var(--stk-flex-grow,1) 1 calc(50% - var(--stk-column-gap,0px) * 1 \/ 2 ) !important}}<\/style><div class=\"stk-column-wrapper stk-block-column__content stk-container stk-19408db-container stk--no-background stk--no-padding\"><div class=\"stk-block-content stk-inner-blocks stk-19408db-inner-blocks\">\n<p><strong>TRANSPARENT:<\/strong>&nbsp;Sehen Sie den digitalen Zwilling Ihres Lagers oder Ihrer Supply Chain in 3D Woche f\u00fcr Woche wachsen. Unsere Software-L\u00f6sung W2MO ist als Cloud-basiertes Tool geschaffen f\u00fcr kollaboratives Arbeiten und erm\u00f6glicht Ihnen zu jedem Zeitpunkt Zugriff auf Ihre virtuelle Logistik.<\/p>\n<\/div><\/div><\/div>\n<\/div><\/div><\/div>\n\n\n\n<p class=\"has-text-align-center\"><strong>PROJEKTABLAUF<\/strong><\/p>\n\n\n\n<div class=\"wp-block-stackable-columns stk-block-columns stk-block stk-6a79343\" data-block-id=\"6a79343\"><div class=\"stk-row stk-inner-blocks stk-block-content stk-content-align stk-6a79343-column\">\n<div class=\"wp-block-stackable-column stk-block-column stk-column stk-block stk-0acad71\" data-v=\"4\" data-block-id=\"0acad71\"><div class=\"stk-column-wrapper stk-block-column__content stk-container stk-0acad71-container stk--no-background stk--no-padding\"><div class=\"has-text-align-center stk-block-content stk-inner-blocks stk-0acad71-inner-blocks\">\n<figure class=\"wp-block-image size-large is-resized\"><img loading=\"lazy\" decoding=\"async\" width=\"1024\" height=\"596\" src=\"https:\/\/www.logivations.com\/wp-content\/uploads\/2023\/11\/project_flow-1024x596.jpg\" alt=\"\" class=\"wp-image-2349\" style=\"width:1100px\" srcset=\"https:\/\/logivations.com\/wp-content\/uploads\/2023\/11\/project_flow-1024x596.jpg 1024w, https:\/\/logivations.com\/wp-content\/uploads\/2023\/11\/project_flow-300x175.jpg 300w, https:\/\/logivations.com\/wp-content\/uploads\/2023\/11\/project_flow-768x447.jpg 768w, https:\/\/logivations.com\/wp-content\/uploads\/2023\/11\/project_flow-1536x894.jpg 1536w, https:\/\/logivations.com\/wp-content\/uploads\/2023\/11\/project_flow-2048x1191.jpg 2048w, https:\/\/logivations.com\/wp-content\/uploads\/2023\/11\/project_flow-18x10.jpg 18w\" sizes=\"auto, (max-width: 1024px) 100vw, 1024px\" \/><\/figure>\n<\/div><\/div><\/div>\n<\/div><\/div>\n\n\n\n<div class=\"wp-block-stackable-columns alignfull stk-block-columns stk-block stk-b5cde0d stk-block-background stk--has-background-overlay\" data-block-id=\"b5cde0d\"><style>.stk-b5cde0d{background-color:#f9f9f9 !important;background-image:url(https:\/\/www.logivations.com\/wp-content\/uploads\/2023\/11\/solutions-image-01.jpg) !important;padding-top:96px !important;padding-bottom:15px !important;margin-top:30px !important;margin-bottom:10px !important}.stk-b5cde0d:before{background-color:#f9f9f9 !important;opacity:0.8 !important}.stk-b5cde0d-column{--stk-columns-spacing:14px !important;--stk-column-gap:10px !important}<\/style><div class=\"stk-row stk-inner-blocks has-text-align-center stk-block-content stk-content-align stk-b5cde0d-column alignfull\">\n<div class=\"wp-block-stackable-column stk-block-column stk-column stk-block stk-166186d\" data-v=\"4\" data-block-id=\"166186d\"><div class=\"stk-column-wrapper stk-block-column__content stk-container stk-166186d-container stk--no-background stk--no-padding\"><div class=\"stk-block-content stk-inner-blocks stk-166186d-inner-blocks\">\n<div class=\"wp-block-stackable-text stk-block-text stk-block stk-c4af4c6\" data-block-id=\"c4af4c6\"><style>.stk-c4af4c6{margin-bottom:1px !important}<\/style><p class=\"stk-block-text__text has-text-align-center\"><span style=\"color: var(--theme-palette-color-3, #3A4F66);\" class=\"stk-highlight\">INFORMIEREN SIE SICH AUCH \u00dcBER<\/span><\/p><\/div>\n\n\n\n<div class=\"wp-block-stackable-heading stk-block-heading stk-block-heading--v2 stk-block stk-2903aee\" id=\"a-href-press-news-data-type-link-data-id-https-www-logivations-com-en-solutions-lno-supply-network-planning-php-a-a-href-opportunity-assessment-span-style-color-var-palette-color-3-3-a-4-f-66-class-stk-highlight-opportunity-assessment-span-a\" data-block-id=\"2903aee\"><style>.stk-2903aee .stk-block-heading__text{color:var(--theme-palette-color-8,#ffffff) !important}<\/style><h4 class=\"stk-block-heading__text has-text-color has-text-align-center\"><a href=\"\/de\/press-news\/\" data-type=\"link\" data-id=\"https:\/\/www.logivations.com\/en\/solutions\/lno\/supply_network_planning.php\"><\/a><a href=\"\/de\/opportunity-assessment\/\"><span style=\"color: var(--theme-palette-color-3, #3A4F66);\" class=\"stk-highlight\">POTENTIALANALYSE<\/span><\/a><\/h4><\/div>\n<\/div><\/div><\/div>\n<\/div><\/div>","protected":false},"excerpt":{"rendered":"<p>VIRTUAL PROJECTS \u2013 OPPORTUNITIES THROUGH DIGITALIZATION LOGIVATIONS CONSULTING SERVICES Bring your logistics projects into the future with us &#8211; with the help of our cloud-based software W2MO we create a digital twin of your warehouse and your supply chain. Driven by high-end optimization algorithms and state-of-the-art technologies such as artificial intelligence, we plan, simulate and [&hellip;]<\/p>","protected":false},"author":1,"featured_media":0,"parent":2134,"menu_order":0,"comment_status":"closed","ping_status":"closed","template":"","meta":{"footnotes":""},"class_list":["post-2139","page","type-page","status-publish","hentry"],"blocksy_meta":[],"_links":{"self":[{"href":"https:\/\/logivations.com\/de\/wp-json\/wp\/v2\/pages\/2139","targetHints":{"allow":["GET"]}}],"collection":[{"href":"https:\/\/logivations.com\/de\/wp-json\/wp\/v2\/pages"}],"about":[{"href":"https:\/\/logivations.com\/de\/wp-json\/wp\/v2\/types\/page"}],"author":[{"embeddable":true,"href":"https:\/\/logivations.com\/de\/wp-json\/wp\/v2\/users\/1"}],"replies":[{"embeddable":true,"href":"https:\/\/logivations.com\/de\/wp-json\/wp\/v2\/comments?post=2139"}],"version-history":[{"count":14,"href":"https:\/\/logivations.com\/de\/wp-json\/wp\/v2\/pages\/2139\/revisions"}],"predecessor-version":[{"id":6454,"href":"https:\/\/logivations.com\/de\/wp-json\/wp\/v2\/pages\/2139\/revisions\/6454"}],"up":[{"embeddable":true,"href":"https:\/\/logivations.com\/de\/wp-json\/wp\/v2\/pages\/2134"}],"wp:attachment":[{"href":"https:\/\/logivations.com\/de\/wp-json\/wp\/v2\/media?parent=2139"}],"curies":[{"name":"wp","href":"https:\/\/api.w.org\/{rel}","templated":true}]}}