{"id":1005,"date":"2023-11-20T09:42:10","date_gmt":"2023-11-20T09:42:10","guid":{"rendered":"http:\/\/johannes-plapp.tail7ac2.ts.net:8047\/?page_id=1005"},"modified":"2024-08-14T11:44:47","modified_gmt":"2024-08-14T11:44:47","slug":"training-seminars","status":"publish","type":"page","link":"https:\/\/logivations.com\/de\/news-events\/training-seminars\/","title":{"rendered":"Trainings &amp; Seminare"},"content":{"rendered":"<div class=\"wp-block-stackable-columns alignfull stk-block-columns stk-block stk-51b2b12 stk-block-background stk--has-background-overlay\" data-block-id=\"51b2b12\"><style>.stk-51b2b12 .stk--block-align-51b2b12{align-items:center !important}.stk-51b2b12{background-image:url(https:\/\/www.logivations.com\/wp-content\/uploads\/2024\/07\/logimat2-scaled.jpg) !important;background-position:bottom center !important;background-repeat:no-repeat !important;background-size:cover !important;padding-top:280px !important;padding-bottom:63px !important;margin-top:-135px !important}.stk-51b2b12:before{background-color:#000000 !important;opacity:0.6 !important}.stk-51b2b12-column{--stk-column-gap:35px !important;row-gap:35px !important}@media screen and (max-width:999px){.stk-51b2b12{padding-top:250px !important;padding-bottom:150px !important}}@media screen and (max-width:689px){.stk-51b2b12{padding-top:186px !important;padding-bottom:100px !important;margin-top:-90px !important}}<\/style><div class=\"stk-row stk-inner-blocks stk--block-align-51b2b12 stk-block-content stk-content-align stk-51b2b12-column alignfull\">\n<div class=\"wp-block-stackable-column stk-block-column stk-column stk-block stk-3a43e6b\" data-v=\"4\" data-block-id=\"3a43e6b\"><style>.stk-3a43e6b-container{margin-top:0px !important;margin-right:0px !important;margin-bottom:0px !important;margin-left:0px !important}.stk-3a43e6b{margin-left:410px !important}@media screen and (min-width:690px){.stk-3a43e6b{flex:var(--stk-flex-grow,1) 1 calc(96.8% - var(--stk-column-gap,0px) * 1 \/ 2 ) !important}}@media screen and (min-width:690px) and (max-width:999px){.stk-3a43e6b{flex:var(--stk-flex-grow,1) 1 calc(55% - var(--stk-column-gap,0px) * 1 \/ 2 ) !important}}<\/style><div class=\"stk-column-wrapper stk-block-column__content stk-container stk-3a43e6b-container stk--no-background stk--no-padding\"><div class=\"has-text-align-center-mobile stk-block-content stk-inner-blocks stk-3a43e6b-inner-blocks\">\n<h2 class=\"wp-block-heading\"><span style=\"color: var(--theme-palette-color-8, #ffffff);\" class=\"stk-highlight\"><\/span><\/h2>\n\n\n\n<div class=\"wp-block-stackable-heading stk-block-heading stk-block-heading--v2 stk-block stk-7225c59\" id=\"seminars-and-trainings\" data-block-id=\"7225c59\"><style>.stk-7225c59{margin-bottom:10px !important}.stk-7225c59 .stk-block-heading__text{font-size:55px !important;color:var(--theme-palette-color-8,#ffffff) !important}@media screen and (max-width:999px){.stk-7225c59 .stk-block-heading__text{font-size:40px !important}}@media screen and (max-width:689px){.stk-7225c59 .stk-block-heading__text{font-size:30px !important}}<\/style><h1 class=\"stk-block-heading__text has-text-color\">Seminars and Trainings<\/h1><\/div>\n\n\n\n<div class=\"wp-block-stackable-text stk-block-text stk-block stk-81505a5\" data-block-id=\"81505a5\"><style>.stk-81505a5 .stk-block-text__text{font-size:19px !important;color:var(--theme-palette-color-8,#ffffff) !important}@media screen and (max-width:999px){.stk-81505a5 .stk-block-text__text{font-size:19px !important}}<\/style><p class=\"stk-block-text__text has-text-color\"><\/p><\/div>\n<\/div><\/div><\/div>\n\n\n\n<div class=\"wp-block-stackable-column stk-block-column stk-column stk-block stk-0e2597c\" data-v=\"4\" data-block-id=\"0e2597c\"><style>.stk-0e2597c-container{margin-top:0px !important;margin-right:0px !important;margin-bottom:0px !important;margin-left:0px !important}@media screen and (min-width:690px){.stk-0e2597c{flex:var(--stk-flex-grow,1) 1 calc(3.2% - var(--stk-column-gap,0px) * 1 \/ 2 ) !important}}@media screen and (min-width:690px) and (max-width:999px){.stk-0e2597c{flex:var(--stk-flex-grow,1) 1 calc(45% - var(--stk-column-gap,0px) * 1 \/ 2 ) !important}}<\/style><div class=\"stk-column-wrapper stk-block-column__content stk-container stk-0e2597c-container stk--no-background stk--no-padding\"><div class=\"stk-block-content stk-inner-blocks stk-0e2597c-inner-blocks\"><\/div><\/div><\/div>\n<\/div><\/div>\n\n\n\n<div class=\"wp-block-stackable-columns stk-block-columns stk-block stk-1012bac\" data-block-id=\"1012bac\"><div class=\"stk-row stk-inner-blocks stk-block-content stk-content-align stk-1012bac-column\">\n<div class=\"wp-block-stackable-column stk-block-column stk-column stk-block stk-bb71948\" data-v=\"4\" data-block-id=\"bb71948\"><div class=\"stk-column-wrapper stk-block-column__content stk-container stk-bb71948-container stk--no-background stk--no-padding\"><div class=\"stk-block-content stk-inner-blocks stk-bb71948-inner-blocks\">\n<figure class=\"wp-block-image size-full\"><img loading=\"lazy\" decoding=\"async\" width=\"1334\" height=\"350\" src=\"https:\/\/www.logivations.com\/wp-content\/uploads\/2023\/11\/meeting_room_munich-1.jpg\" alt=\"\" class=\"wp-image-2226\" style=\"object-fit:cover\" srcset=\"https:\/\/logivations.com\/wp-content\/uploads\/2023\/11\/meeting_room_munich-1.jpg 1334w, https:\/\/logivations.com\/wp-content\/uploads\/2023\/11\/meeting_room_munich-1-300x79.jpg 300w, https:\/\/logivations.com\/wp-content\/uploads\/2023\/11\/meeting_room_munich-1-1024x269.jpg 1024w, https:\/\/logivations.com\/wp-content\/uploads\/2023\/11\/meeting_room_munich-1-768x201.jpg 768w, https:\/\/logivations.com\/wp-content\/uploads\/2023\/11\/meeting_room_munich-1-18x5.jpg 18w\" sizes=\"auto, (max-width: 1334px) 100vw, 1334px\" \/><\/figure>\n<\/div><\/div><\/div>\n<\/div><\/div>\n\n\n\n<div class=\"wp-block-stackable-columns stk-block-columns stk-block stk-0fd6955\" data-block-id=\"0fd6955\"><div class=\"stk-row stk-inner-blocks stk-block-content stk-content-align stk-0fd6955-column\">\n<div class=\"wp-block-stackable-column stk-block-column stk-column stk-block stk-8c9d153\" data-v=\"4\" data-block-id=\"8c9d153\"><style>@media screen and (min-width:690px){.stk-8c9d153{flex:var(--stk-flex-grow,1) 1 33.3% !important}}<\/style><div class=\"stk-column-wrapper stk-block-column__content stk-container stk-8c9d153-container stk--no-background stk--no-padding\"><div class=\"stk-block-content stk-inner-blocks stk-8c9d153-inner-blocks\">\n<h6 class=\"wp-block-heading has-text-align-center\"><span style=\"color: #000000;\" class=\"stk-highlight\">TRAININGS, SEMINARE, E-LEARNING<\/span><\/h6>\n<\/div><\/div><\/div>\n\n\n\n<div class=\"wp-block-stackable-column stk-block-column stk-column stk-block stk-9d402f0\" data-v=\"4\" data-block-id=\"9d402f0\"><style>@media screen and (min-width:690px){.stk-9d402f0{flex:var(--stk-flex-grow,1) 1 66.7% !important}}<\/style><div class=\"stk-column-wrapper stk-block-column__content stk-container stk-9d402f0-container stk--no-background stk--no-padding\"><div class=\"stk-block-content stk-inner-blocks stk-9d402f0-inner-blocks\">\n<h6 class=\"wp-block-heading\"><span style=\"color: #000000;\" class=\"stk-highlight\">Online-Schulungen f\u00fcr W2MO:<\/span><\/h6>\n<\/div><\/div><\/div>\n<\/div><\/div>\n\n\n\n<div class=\"wp-block-stackable-columns stk-block-columns stk-block stk-b7fdbcd\" data-block-id=\"b7fdbcd\"><div class=\"stk-row stk-inner-blocks stk-block-content stk-content-align stk-b7fdbcd-column\">\n<div class=\"wp-block-stackable-column stk-block-column stk-column stk-block stk-7bff0cd\" data-v=\"4\" data-block-id=\"7bff0cd\"><style>@media screen and (min-width:690px){.stk-7bff0cd{flex:var(--stk-flex-grow,1) 1 33.3% !important}}<\/style><div class=\"stk-column-wrapper stk-block-column__content stk-container stk-7bff0cd-container stk--no-background stk--no-padding\"><div class=\"stk-block-content stk-inner-blocks stk-7bff0cd-inner-blocks\">\n<h5 class=\"wp-block-heading has-text-align-center\"><a href=\"https:\/\/logivations.com\/de\/e-learning\/4834-2\/\" data-type=\"page\" data-id=\"4834\"><span style=\"color: var(--theme-palette-color-4, #2c3e50);\" class=\"stk-highlight\">E-Learning Paket \"Supply Chain Engineering\"<\/span><\/a><\/h5>\n\n\n\n<p class=\"has-text-align-center\"><a href=\"https:\/\/logivations.com\/de\/e-learning\/4834-2\/\" data-type=\"page\" data-id=\"4834\">Ongoing <\/a><a href=\"https:\/\/logivations.com\/de\/e-learning\/e-learning-supply-chain\/\" data-type=\"page\" data-id=\"5015\">\u2013 appointment by arrangement<\/a><\/p>\n<\/div><\/div><\/div>\n\n\n\n<div class=\"wp-block-stackable-column stk-block-column stk-column stk-block stk-b14fce5\" data-v=\"4\" data-block-id=\"b14fce5\"><style>@media screen and (min-width:690px){.stk-b14fce5{flex:var(--stk-flex-grow,1) 1 66.7% !important}}<\/style><div class=\"stk-column-wrapper stk-block-column__content stk-container stk-b14fce5-container stk--no-background stk--no-padding\"><div class=\"stk-block-content stk-inner-blocks stk-b14fce5-inner-blocks\">\n<p><em><span style=\"color: #000000;\" class=\"stk-highlight\">Erreichen Sie Ihre Projektziele k\u00fcnftig noch schneller und effizienter! In unseren Online-Schulungen erhalten Sie gezielt wertvolles Wissen, das Sie direkt in Ihrem aktuellen Projekt anwenden k\u00f6nnen. Je nach Bedarf k\u00f6nnen Sie Schulungen f\u00fcr eine Stunde oder l\u00e4nger buchen \u2013 ohne Anfahrtszeiten und Kosten f\u00fcr Unterkunft.<\/span><\/em><\/p>\n<\/div><\/div><\/div>\n<\/div><\/div>\n\n\n\n<div class=\"wp-block-stackable-columns stk-block-columns stk-block stk-31a2ef3\" data-block-id=\"31a2ef3\"><div class=\"stk-row stk-inner-blocks stk-block-content stk-content-align stk-31a2ef3-column\">\n<div class=\"wp-block-stackable-column stk-block-column stk-column stk-block stk-fa74e93\" data-v=\"4\" data-block-id=\"fa74e93\"><style>@media screen and (min-width:690px){.stk-fa74e93{flex:var(--stk-flex-grow,1) 1 33.3% !important}}<\/style><div class=\"stk-column-wrapper stk-block-column__content stk-container stk-fa74e93-container stk--no-background stk--no-padding\"><div class=\"stk-block-content stk-inner-blocks stk-fa74e93-inner-blocks\">\n<h5 class=\"wp-block-heading has-text-align-center\"><a href=\"https:\/\/logivations.com\/de\/e-learning\/5015-2\/\" data-type=\"page\" data-id=\"5015\"><span style=\"color: var(--theme-palette-color-4, #2c3e50);\" class=\"stk-highlight\">E-Learning Paket \"Warehouse Simulation &amp; Optimization\"<\/span><\/a><\/h5>\n\n\n\n<p class=\"has-text-align-center\"><a href=\"https:\/\/logivations.com\/de\/e-learning\/elearning-warehouse\/\" data-type=\"page\" data-id=\"4834\">Fortlaufend \u2013 Termin nach Absprache<\/a><\/p>\n<\/div><\/div><\/div>\n\n\n\n<div class=\"wp-block-stackable-column stk-block-column stk-column stk-block stk-0d24f18\" data-v=\"4\" data-block-id=\"0d24f18\"><style>@media screen and (min-width:690px){.stk-0d24f18{flex:var(--stk-flex-grow,1) 1 66.7% !important}}<\/style><div class=\"stk-column-wrapper stk-block-column__content stk-container stk-0d24f18-container stk--no-background stk--no-padding\"><div class=\"stk-block-content stk-inner-blocks stk-0d24f18-inner-blocks\">\n<h6 class=\"wp-block-heading\"><span style=\"color: #000000;\" class=\"stk-highlight\">Firmenschulungen<\/span><\/h6>\n\n\n\n<blockquote class=\"wp-block-quote is-layout-flow wp-block-quote-is-layout-flow\">\n<p><em><span style=\"color: #000000;\" class=\"stk-highlight\">Einf\u00fchrungsseminar W2MO:<\/span><\/em><\/p>\n\n\n\n<ul class=\"wp-block-list\">\n<li><em><span style=\"color: #000000;\" class=\"stk-highlight\">Voraussetzung: Kenntnisse in MS Windows, MS Excel<\/span><\/em><\/li>\n\n\n\n<li><em><span style=\"color: #000000;\" class=\"stk-highlight\">Ziel: Unterrichten der Teilnehmer in Gruppen von max. 4 Personen, die M\u00f6glichkeit, schnell und einfach Modelle von Logistiksystemen zu erstellen und das Lager mittels W2MO im Webbrowser zu optimieren<\/span><\/em><\/li>\n<\/ul>\n\n\n\n<p><em><span style=\"color: #000000;\" class=\"stk-highlight\">Aufbauseminar W2MO:<\/span><\/em><\/p>\n\n\n\n<ul class=\"wp-block-list\">\n<li><em><span style=\"color: #000000;\" class=\"stk-highlight\">Voraussetzung: Teilnahme an den Einf\u00fchrungsseminaren W2MO<\/span><\/em><\/li>\n\n\n\n<li><em><span style=\"color: #000000;\" class=\"stk-highlight\">Ziel: In Gruppen von max. 4 Teilnehmer, um die bereits erworbenen Grundkenntnisse des Einf\u00fchrungsseminars W2MO zu vertiefen und die zus\u00e4tzlichen Funktionalit\u00e4ten zur Optimierung der Arbeit mit W2MO vorzustellen. Dar\u00fcber hinaus werden spezifische Fragen der Teilnehmer beantwortet<\/span><\/em><\/li>\n<\/ul>\n\n\n\n<p><span style=\"color: #000000;\" class=\"stk-highlight\"><em>Sind Sie interessiert? Dann&nbsp;<a href=\"\/de\/contact\/\">kontaktieren Sie uns!&nbsp;<\/a>!<\/em><\/span><\/p>\n<\/blockquote>\n\n\n\n<p><\/p>\n\n\n\n<blockquote class=\"wp-block-quote is-layout-flow wp-block-quote-is-layout-flow\">\n<p><em><span style=\"color: #000000;\" class=\"stk-highlight\">\u201eDieses gut strukturierte Seminar mit praxisnahen Inhalten kann ich jedem empfehlen. Unser Coach war sehr kompetent und hat uns das n\u00f6tige Wissen vermittelt, um ein konkretes Lagerlayout modellieren zu k\u00f6nnen. Mir hat auch die kleine Gruppengr\u00f6\u00dfe und das Umfeld gefallen Die Ausbildung insgesamt sehr angenehm.\u201c<\/span><\/em><\/p>\n\n\n\n<p><em><span style=\"color: #000000;\" class=\"stk-highlight\">Martin Seidel, Planungslogistik bei Eaton Electric GmbH<\/span><\/em><\/p>\n<\/blockquote>\n<\/div><\/div><\/div>\n<\/div><\/div>\n\n\n\n<div class=\"wp-block-stackable-columns alignfull stk-block-columns stk-block stk-63037b3 stk-block-background stk--has-background-overlay\" data-block-id=\"63037b3\"><style>.stk-63037b3{background-color:#f9f9f9 !important;background-image:url(https:\/\/www.logivations.com\/wp-content\/uploads\/2023\/11\/solutions-image-01.jpg) !important;padding-top:96px !important;padding-bottom:15px !important;margin-top:30px !important;margin-bottom:10px !important}.stk-63037b3:before{background-color:#f9f9f9 !important;opacity:0.8 !important}.stk-63037b3-column{--stk-columns-spacing:14px !important;--stk-column-gap:10px !important}<\/style><div class=\"stk-row stk-inner-blocks has-text-align-center stk-block-content stk-content-align stk-63037b3-column alignfull\">\n<div class=\"wp-block-stackable-column stk-block-column stk-column stk-block stk-ba1de81\" data-v=\"4\" data-block-id=\"ba1de81\"><div class=\"stk-column-wrapper stk-block-column__content stk-container stk-ba1de81-container stk--no-background stk--no-padding\"><div class=\"stk-block-content stk-inner-blocks stk-ba1de81-inner-blocks\">\n<div class=\"wp-block-stackable-text stk-block-text stk-block stk-c4af4c6\" data-block-id=\"c4af4c6\"><style>.stk-c4af4c6{margin-bottom:1px !important}<\/style><p class=\"stk-block-text__text has-text-align-center\"><span style=\"color: var(--theme-palette-color-3, #3A4F66);\" class=\"stk-highlight\">INFORMIEREN SIE SICH AUCH \u00dcBER<\/span><\/p><\/div>\n\n\n\n<div class=\"wp-block-stackable-heading stk-block-heading stk-block-heading--v2 stk-block stk-2903aee\" id=\"a-href-press-news-data-type-link-data-id-https-www-logivations-com-en-solutions-lno-supply-network-planning-php-a-a-href-company-span-style-color-var-palette-color-3-3-a-4-f-66-class-stk-highlight-company-span-a\" data-block-id=\"2903aee\"><style>.stk-2903aee .stk-block-heading__text{color:var(--theme-palette-color-8,#ffffff) !important}<\/style><h4 class=\"stk-block-heading__text has-text-color has-text-align-center\"><a href=\"\/de\/press-news\/\" data-type=\"link\" data-id=\"https:\/\/www.logivations.com\/en\/solutions\/lno\/supply_network_planning.php\"><\/a><a href=\"\/de\/company\/\"><span style=\"color: var(--theme-palette-color-3, #3A4F66);\" class=\"stk-highlight\">UNTERNEHMEN<\/span><\/a><\/h4><\/div>\n<\/div><\/div><\/div>\n<\/div><\/div>","protected":false},"excerpt":{"rendered":"<p>Seminars and Trainings TRAININGS, SEMINARS, E-LEARNING Online trainings for W2MO: E-Learning Course &#8220;Supply Chain Engineering&#8221; Ongoing \u2013 appointment by arrangement Achieve your project goals even quicker and more efficiently in the future! In our online trainings you receive targeted valuable knowledge which you can directly apply to your current project. Depending on your needs you [&hellip;]<\/p>","protected":false},"author":1,"featured_media":0,"parent":2118,"menu_order":0,"comment_status":"closed","ping_status":"closed","template":"","meta":{"footnotes":""},"class_list":["post-1005","page","type-page","status-publish","hentry"],"blocksy_meta":[],"_links":{"self":[{"href":"https:\/\/logivations.com\/de\/wp-json\/wp\/v2\/pages\/1005","targetHints":{"allow":["GET"]}}],"collection":[{"href":"https:\/\/logivations.com\/de\/wp-json\/wp\/v2\/pages"}],"about":[{"href":"https:\/\/logivations.com\/de\/wp-json\/wp\/v2\/types\/page"}],"author":[{"embeddable":true,"href":"https:\/\/logivations.com\/de\/wp-json\/wp\/v2\/users\/1"}],"replies":[{"embeddable":true,"href":"https:\/\/logivations.com\/de\/wp-json\/wp\/v2\/comments?post=1005"}],"version-history":[{"count":14,"href":"https:\/\/logivations.com\/de\/wp-json\/wp\/v2\/pages\/1005\/revisions"}],"predecessor-version":[{"id":6602,"href":"https:\/\/logivations.com\/de\/wp-json\/wp\/v2\/pages\/1005\/revisions\/6602"}],"up":[{"embeddable":true,"href":"https:\/\/logivations.com\/de\/wp-json\/wp\/v2\/pages\/2118"}],"wp:attachment":[{"href":"https:\/\/logivations.com\/de\/wp-json\/wp\/v2\/media?parent=1005"}],"curies":[{"name":"wp","href":"https:\/\/api.w.org\/{rel}","templated":true}]}}